{"id":2615,"date":"2024-02-20T18:05:41","date_gmt":"2024-02-20T17:05:41","guid":{"rendered":"https:\/\/pop-co.fr\/index.php\/product\/mug-3d-disney-zip\/"},"modified":"2025-06-28T13:23:15","modified_gmt":"2025-06-28T11:23:15","slug":"mug-3d-disney-zip","status":"publish","type":"product","link":"https:\/\/pop-co.fr\/index.php\/product\/mug-3d-disney-zip\/","title":{"rendered":"MUG 3D &#8211; DISNEY &#8211; Zip"},"content":{"rendered":"<p>Savourez votre th\u00e9 avec l&rsquo;adorable Zip de la Belle et la B\u00eate gr\u00e2ce \u00e0 ce mug 3D par ABYstyle ! <\/p>\n<p>&#8211; Contenance : 350 ml.<br \/>\n&#8211; Ne passe pas au micro-ondes ou au lave-vaisselle.<br \/>\n&#8211; Contient un couvercle.<br \/>\n&#8211; Mati\u00e8re : dolomite.<\/p>\n","protected":false},"excerpt":{"rendered":"<p>Savourez votre th\u00e9 avec l&rsquo;adorable Zip de la Belle et la B\u00eate gr\u00e2ce \u00e0 ce mug 3D par ABYstyle ! &#8211; Contenance : 350 ml. &#8211; Ne passe pas au micro-ondes ou au lave-vaisselle. &#8211; Contient un couvercle. &#8211; Mati\u00e8re : dolomite.<\/p>\n","protected":false},"featured_media":352141,"comment_status":"open","ping_status":"closed","template":"","meta":[],"product_cat":[29],"product_tag":[],"aioseo_notices":[],"jetpack_sharing_enabled":true,"_links":{"self":[{"href":"https:\/\/pop-co.fr\/index.php\/wp-json\/wp\/v2\/product\/2615"}],"collection":[{"href":"https:\/\/pop-co.fr\/index.php\/wp-json\/wp\/v2\/product"}],"about":[{"href":"https:\/\/pop-co.fr\/index.php\/wp-json\/wp\/v2\/types\/product"}],"replies":[{"embeddable":true,"href":"https:\/\/pop-co.fr\/index.php\/wp-json\/wp\/v2\/comments?post=2615"}],"version-history":[{"count":0,"href":"https:\/\/pop-co.fr\/index.php\/wp-json\/wp\/v2\/product\/2615\/revisions"}],"wp:featuredmedia":[{"embeddable":true,"href":"https:\/\/pop-co.fr\/index.php\/wp-json\/wp\/v2\/media\/352141"}],"wp:attachment":[{"href":"https:\/\/pop-co.fr\/index.php\/wp-json\/wp\/v2\/media?parent=2615"}],"wp:term":[{"taxonomy":"product_cat","embeddable":true,"href":"https:\/\/pop-co.fr\/index.php\/wp-json\/wp\/v2\/product_cat?post=2615"},{"taxonomy":"product_tag","embeddable":true,"href":"https:\/\/pop-co.fr\/index.php\/wp-json\/wp\/v2\/product_tag?post=2615"}],"curies":[{"name":"wp","href":"https:\/\/api.w.org\/{rel}","templated":true}]}}