{"id":2620,"date":"2024-02-20T18:05:46","date_gmt":"2024-02-20T17:05:46","guid":{"rendered":"https:\/\/pop-co.fr\/index.php\/product\/mug-xl-pokemon-starters-kanto-1g-pokerall-3d\/"},"modified":"2025-07-29T11:18:09","modified_gmt":"2025-07-29T09:18:09","slug":"mug-xl-pokemon-starters-kanto-1g-pokerall-3d","status":"publish","type":"product","link":"https:\/\/pop-co.fr\/index.php\/product\/mug-xl-pokemon-starters-kanto-1g-pokerall-3d\/","title":{"rendered":"MUG XL &#8211; POKEMON &#8211; Starters Kanto 1G + pok\u00e9rall 3D"},"content":{"rendered":"<p>Peu importe ce que vous buvez, faites-le avec style avec la Pok\u00e9ball et tous les starters de Kanto et bien s\u00fbr Pikachu avec ce mug Pok\u00e9mon par ABYstyle. <\/p>\n<p>&#8211; Contenance : 460 ml.<br \/>\n&#8211; Ne passe pas au micro-ondes ou au lave-vaisselle.<br \/>\n&#8211; Mati\u00e8re : dolomite.<br \/>\n&#8211; Anse du mug en 3D.<\/p>\n","protected":false},"excerpt":{"rendered":"<p>Peu importe ce que vous buvez, faites-le avec style avec la Pok\u00e9ball et tous les starters de Kanto et bien s\u00fbr Pikachu avec ce mug Pok\u00e9mon par ABYstyle. &#8211; Contenance : 460 ml. &#8211; Ne passe pas au micro-ondes ou au lave-vaisselle. &#8211; Mati\u00e8re : dolomite. &#8211; Anse du mug en 3D.<\/p>\n","protected":false},"featured_media":356246,"comment_status":"open","ping_status":"closed","template":"","meta":[],"product_cat":[34,20],"product_tag":[],"aioseo_notices":[],"jetpack_sharing_enabled":true,"_links":{"self":[{"href":"https:\/\/pop-co.fr\/index.php\/wp-json\/wp\/v2\/product\/2620"}],"collection":[{"href":"https:\/\/pop-co.fr\/index.php\/wp-json\/wp\/v2\/product"}],"about":[{"href":"https:\/\/pop-co.fr\/index.php\/wp-json\/wp\/v2\/types\/product"}],"replies":[{"embeddable":true,"href":"https:\/\/pop-co.fr\/index.php\/wp-json\/wp\/v2\/comments?post=2620"}],"version-history":[{"count":0,"href":"https:\/\/pop-co.fr\/index.php\/wp-json\/wp\/v2\/product\/2620\/revisions"}],"wp:featuredmedia":[{"embeddable":true,"href":"https:\/\/pop-co.fr\/index.php\/wp-json\/wp\/v2\/media\/356246"}],"wp:attachment":[{"href":"https:\/\/pop-co.fr\/index.php\/wp-json\/wp\/v2\/media?parent=2620"}],"wp:term":[{"taxonomy":"product_cat","embeddable":true,"href":"https:\/\/pop-co.fr\/index.php\/wp-json\/wp\/v2\/product_cat?post=2620"},{"taxonomy":"product_tag","embeddable":true,"href":"https:\/\/pop-co.fr\/index.php\/wp-json\/wp\/v2\/product_tag?post=2620"}],"curies":[{"name":"wp","href":"https:\/\/api.w.org\/{rel}","templated":true}]}}