{"id":266024,"date":"2024-12-24T10:51:57","date_gmt":"2024-12-24T09:51:57","guid":{"rendered":"https:\/\/pop-co.fr\/index.php\/product\/lilo-stitch-stitch-boite-a-cookies\/"},"modified":"2025-08-05T17:50:54","modified_gmt":"2025-08-05T15:50:54","slug":"lilo-stitch-stitch-boite-a-cookies","status":"publish","type":"product","link":"https:\/\/pop-co.fr\/index.php\/product\/lilo-stitch-stitch-boite-a-cookies\/","title":{"rendered":"BOITE A COOKIES &#8211; DISNEY &#8211; T\u00eate stitch"},"content":{"rendered":"<p>La bo\u00eete \u00e0 cookies mettant en vedette Stitch de \u00ab\u00a0Lilo &amp; Stitch\u00a0\u00bb est un ajout charmant \u00e0 la cuisine de tout fan de cet univers ador\u00e9. Cette bo\u00eete est \u00e0 la fois fonctionnelle et d\u00e9corative, apportant une touche ludique \u00e0 votre espace.<\/p>\n<p>Cette bo\u00eete \u00e0 cookies repr\u00e9sente Stitch dans sa splendeur, capturant sa personnalit\u00e9 espi\u00e8gle et joyeuse. Elle est parfaite pour conserver vos biscuits pr\u00e9f\u00e9r\u00e9s tout en apportant une dose de magie \u00e0 votre cuisine, que ce soit pour un usage quotidien ou pour \u00e9gayer une occasion sp\u00e9ciale.<\/p>\n<p>Fabriqu\u00e9e avec des mat\u00e9riaux de qualit\u00e9 sup\u00e9rieure, cette bo\u00eete \u00e0 cookies est durable et s\u00fbre pour conserver vos friandises. Elle est \u00e9galement un cadeau id\u00e9al pour tout amateur de \u00ab\u00a0Lilo &amp; Stitch\u00a0\u00bb, ajoutant une touche de fantaisie \u00e0 leur espace de vie.<\/p>\n<p>Ajoutez une touche de magie \u00e0 vos gourmandises avec la bo\u00eete \u00e0 cookies Stitch de \u00ab\u00a0Lilo &amp; Stitch\u00a0\u00bb. Offrez-vous cette bo\u00eete adorable pour ajouter du plaisir \u00e0 vos d\u00e9lices sucr\u00e9s ou offrez-la en cadeau \u00e0 tout fan de cet univers enchanteur.<\/p>\n","protected":false},"excerpt":{"rendered":"<p>La bo\u00eete \u00e0 cookies mettant en vedette Stitch de \u00ab\u00a0Lilo &amp; Stitch\u00a0\u00bb est un ajout charmant \u00e0 la cuisine de tout fan de cet univers ador\u00e9. Cette bo\u00eete est \u00e0 la fois fonctionnelle et d\u00e9corative, apportant une touche ludique \u00e0 votre espace. Cette bo\u00eete \u00e0 cookies repr\u00e9sente Stitch dans sa splendeur, capturant sa personnalit\u00e9 espi\u00e8gle [&hellip;]<\/p>\n","protected":false},"featured_media":357088,"comment_status":"open","ping_status":"closed","template":"","meta":[],"product_cat":[30],"product_tag":[],"aioseo_notices":[],"jetpack_sharing_enabled":true,"_links":{"self":[{"href":"https:\/\/pop-co.fr\/index.php\/wp-json\/wp\/v2\/product\/266024"}],"collection":[{"href":"https:\/\/pop-co.fr\/index.php\/wp-json\/wp\/v2\/product"}],"about":[{"href":"https:\/\/pop-co.fr\/index.php\/wp-json\/wp\/v2\/types\/product"}],"replies":[{"embeddable":true,"href":"https:\/\/pop-co.fr\/index.php\/wp-json\/wp\/v2\/comments?post=266024"}],"version-history":[{"count":1,"href":"https:\/\/pop-co.fr\/index.php\/wp-json\/wp\/v2\/product\/266024\/revisions"}],"predecessor-version":[{"id":357089,"href":"https:\/\/pop-co.fr\/index.php\/wp-json\/wp\/v2\/product\/266024\/revisions\/357089"}],"wp:featuredmedia":[{"embeddable":true,"href":"https:\/\/pop-co.fr\/index.php\/wp-json\/wp\/v2\/media\/357088"}],"wp:attachment":[{"href":"https:\/\/pop-co.fr\/index.php\/wp-json\/wp\/v2\/media?parent=266024"}],"wp:term":[{"taxonomy":"product_cat","embeddable":true,"href":"https:\/\/pop-co.fr\/index.php\/wp-json\/wp\/v2\/product_cat?post=266024"},{"taxonomy":"product_tag","embeddable":true,"href":"https:\/\/pop-co.fr\/index.php\/wp-json\/wp\/v2\/product_tag?post=266024"}],"curies":[{"name":"wp","href":"https:\/\/api.w.org\/{rel}","templated":true}]}}