{"id":267777,"date":"2024-12-24T11:10:31","date_gmt":"2024-12-24T10:10:31","guid":{"rendered":"https:\/\/pop-co.fr\/index.php\/product\/papier-chiyogami-ghibli-jiji-et-fleurs-kiki-la-petite-sorciere\/"},"modified":"2025-06-28T11:56:02","modified_gmt":"2025-06-28T09:56:02","slug":"papier-chiyogami-ghibli-jiji-et-fleurs-kiki-la-petite-sorciere","status":"publish","type":"product","link":"https:\/\/pop-co.fr\/index.php\/product\/papier-chiyogami-ghibli-jiji-et-fleurs-kiki-la-petite-sorciere\/","title":{"rendered":"PAPIER CHIYOGAMI &#8211; GHIBLI &#8211; Jiji et Fleurs (Kiki la petite sorci\u00e8re)"},"content":{"rendered":"<p>Ajoutez une touche de charme f\u00e9\u00e9rique \u00e0 vos projets d&rsquo;artisanat avec ce magnifique papier Chiyogami de 15x15cm mettant en vedette Jiji et des fleurs, inspir\u00e9 de \u00ab\u00a0Kiki la Petite Sorci\u00e8re\u00a0\u00bb.<\/p>\n<p>Que vous soyez un fan de \u00ab\u00a0Kiki la Petite Sorci\u00e8re\u00a0\u00bb ou simplement un amateur d&rsquo;artisanat, ce papier Chiyogami est un choix parfait pour ajouter une touche de magie de Studio Ghibli \u00e0 vos cr\u00e9ations. Procurez-vous d\u00e8s maintenant ce papier et laissez-vous emporter dans le monde enchant\u00e9 de \u00ab\u00a0Kiki la Petite Sorci\u00e8re\u00a0\u00bb !<\/p>\n","protected":false},"excerpt":{"rendered":"<p>Ajoutez une touche de charme f\u00e9\u00e9rique \u00e0 vos projets d&rsquo;artisanat avec ce magnifique papier Chiyogami de 15x15cm mettant en vedette Jiji et des fleurs, inspir\u00e9 de \u00ab\u00a0Kiki la Petite Sorci\u00e8re\u00a0\u00bb. Que vous soyez un fan de \u00ab\u00a0Kiki la Petite Sorci\u00e8re\u00a0\u00bb ou simplement un amateur d&rsquo;artisanat, ce papier Chiyogami est un choix parfait pour ajouter une [&hellip;]<\/p>\n","protected":false},"featured_media":272281,"comment_status":"open","ping_status":"closed","template":"","meta":[],"product_cat":[17,19],"product_tag":[],"aioseo_notices":[],"jetpack_sharing_enabled":true,"_links":{"self":[{"href":"https:\/\/pop-co.fr\/index.php\/wp-json\/wp\/v2\/product\/267777"}],"collection":[{"href":"https:\/\/pop-co.fr\/index.php\/wp-json\/wp\/v2\/product"}],"about":[{"href":"https:\/\/pop-co.fr\/index.php\/wp-json\/wp\/v2\/types\/product"}],"replies":[{"embeddable":true,"href":"https:\/\/pop-co.fr\/index.php\/wp-json\/wp\/v2\/comments?post=267777"}],"version-history":[{"count":0,"href":"https:\/\/pop-co.fr\/index.php\/wp-json\/wp\/v2\/product\/267777\/revisions"}],"wp:featuredmedia":[{"embeddable":true,"href":"https:\/\/pop-co.fr\/index.php\/wp-json\/wp\/v2\/media\/272281"}],"wp:attachment":[{"href":"https:\/\/pop-co.fr\/index.php\/wp-json\/wp\/v2\/media?parent=267777"}],"wp:term":[{"taxonomy":"product_cat","embeddable":true,"href":"https:\/\/pop-co.fr\/index.php\/wp-json\/wp\/v2\/product_cat?post=267777"},{"taxonomy":"product_tag","embeddable":true,"href":"https:\/\/pop-co.fr\/index.php\/wp-json\/wp\/v2\/product_tag?post=267777"}],"curies":[{"name":"wp","href":"https:\/\/api.w.org\/{rel}","templated":true}]}}