{"id":269637,"date":"2024-12-24T11:31:48","date_gmt":"2024-12-24T10:31:48","guid":{"rendered":"https:\/\/pop-co.fr\/index.php\/product\/oracle-disney-coffret-de-cartes\/"},"modified":"2025-07-31T16:18:20","modified_gmt":"2025-07-31T14:18:20","slug":"oracle-disney-coffret-de-cartes","status":"publish","type":"product","link":"https:\/\/pop-co.fr\/index.php\/product\/oracle-disney-coffret-de-cartes\/","title":{"rendered":"ORACLE &#8211; DISNEY &#8211; Personnages"},"content":{"rendered":"<p>De la poussi\u00e8re de f\u00e9e, une lampe magique, l&rsquo;aide d&rsquo;une marraine&#8230; Comme les h\u00e9ros Disney dans les moments les plus importants de leur histoire, saisissez votre chance. Pour apprendre \u00e0 mieux vous conna\u00eetre, pour trouver une r\u00e9ponse \u00e0 une question secr\u00e8te, laissez-vous guider par Merlin, Peter Pan, Elsa ou Stitch ! D\u00e9couvrez les cartes de cet Oracle et leurs messages inspirants, et ajoutez \u00e0 votre quotidien un soup\u00e7on de magie ! Ce coffret contient 40 cartes illustr\u00e9es et un guide de tirage.<\/p>\n","protected":false},"excerpt":{"rendered":"<p>De la poussi\u00e8re de f\u00e9e, une lampe magique, l&rsquo;aide d&rsquo;une marraine&#8230; Comme les h\u00e9ros Disney dans les moments les plus importants de leur histoire, saisissez votre chance. Pour apprendre \u00e0 mieux vous conna\u00eetre, pour trouver une r\u00e9ponse \u00e0 une question secr\u00e8te, laissez-vous guider par Merlin, Peter Pan, Elsa ou Stitch ! D\u00e9couvrez les cartes de [&hellip;]<\/p>\n","protected":false},"featured_media":356927,"comment_status":"open","ping_status":"closed","template":"","meta":[],"product_cat":[29],"product_tag":[],"aioseo_notices":[],"jetpack_sharing_enabled":true,"_links":{"self":[{"href":"https:\/\/pop-co.fr\/index.php\/wp-json\/wp\/v2\/product\/269637"}],"collection":[{"href":"https:\/\/pop-co.fr\/index.php\/wp-json\/wp\/v2\/product"}],"about":[{"href":"https:\/\/pop-co.fr\/index.php\/wp-json\/wp\/v2\/types\/product"}],"replies":[{"embeddable":true,"href":"https:\/\/pop-co.fr\/index.php\/wp-json\/wp\/v2\/comments?post=269637"}],"version-history":[{"count":0,"href":"https:\/\/pop-co.fr\/index.php\/wp-json\/wp\/v2\/product\/269637\/revisions"}],"wp:featuredmedia":[{"embeddable":true,"href":"https:\/\/pop-co.fr\/index.php\/wp-json\/wp\/v2\/media\/356927"}],"wp:attachment":[{"href":"https:\/\/pop-co.fr\/index.php\/wp-json\/wp\/v2\/media?parent=269637"}],"wp:term":[{"taxonomy":"product_cat","embeddable":true,"href":"https:\/\/pop-co.fr\/index.php\/wp-json\/wp\/v2\/product_cat?post=269637"},{"taxonomy":"product_tag","embeddable":true,"href":"https:\/\/pop-co.fr\/index.php\/wp-json\/wp\/v2\/product_tag?post=269637"}],"curies":[{"name":"wp","href":"https:\/\/api.w.org\/{rel}","templated":true}]}}