{"id":2714,"date":"2024-02-20T18:12:48","date_gmt":"2024-02-20T17:12:48","guid":{"rendered":"https:\/\/pop-co.fr\/index.php\/product\/one-piece-bonbon-gelifies-gumisan-180g\/"},"modified":"2025-06-28T13:24:02","modified_gmt":"2025-06-28T11:24:02","slug":"one-piece-bonbon-gelifies-gumisan-180g","status":"publish","type":"product","link":"https:\/\/pop-co.fr\/index.php\/product\/one-piece-bonbon-gelifies-gumisan-180g\/","title":{"rendered":"ONE PIECE &#8211; Bonbon g\u00e9lifi\u00e9s Gumisan 180g"},"content":{"rendered":"<p>De savoureux bonbons<\/p>\n<p>Bonbons g\u00e9lifi\u00e9s go\u00fbt raisin 180g<\/p>\n<p>La forme du bonbon est inspir\u00e9e du c\u00e9l\u00e8bre Fruit du D\u00e9mon de Luffy, le Gomu Gomu no Mi.<br \/>\nCertifi\u00e9 Halal.<br \/>\nFabriqu\u00e9 en Europe<br \/>\nUne forme unique<br \/>\n100% licence<br \/>\nPaquet de 180g<br \/>\nDLUO : 15 mois apr\u00e8s production<\/p>\n<p>Le pr\u00e9fixe \u00ab\u00a0gumi\u00a0\u00bb provient de l&rsquo;anglais \u00ab\u00a0gummy\u00a0\u00bb.<\/p>\n<p>Langues imprim\u00e9es sur le paquet : FR, EN, ES, NL, IT, DE, AR<\/p>\n","protected":false},"excerpt":{"rendered":"<p>De savoureux bonbons Bonbons g\u00e9lifi\u00e9s go\u00fbt raisin 180g La forme du bonbon est inspir\u00e9e du c\u00e9l\u00e8bre Fruit du D\u00e9mon de Luffy, le Gomu Gomu no Mi. Certifi\u00e9 Halal. Fabriqu\u00e9 en Europe Une forme unique 100% licence Paquet de 180g DLUO : 15 mois apr\u00e8s production Le pr\u00e9fixe \u00ab\u00a0gumi\u00a0\u00bb provient de l&rsquo;anglais \u00ab\u00a0gummy\u00a0\u00bb. Langues imprim\u00e9es sur [&hellip;]<\/p>\n","protected":false},"featured_media":149574,"comment_status":"open","ping_status":"closed","template":"","meta":[],"product_cat":[77],"product_tag":[],"aioseo_notices":[],"jetpack_sharing_enabled":true,"_links":{"self":[{"href":"https:\/\/pop-co.fr\/index.php\/wp-json\/wp\/v2\/product\/2714"}],"collection":[{"href":"https:\/\/pop-co.fr\/index.php\/wp-json\/wp\/v2\/product"}],"about":[{"href":"https:\/\/pop-co.fr\/index.php\/wp-json\/wp\/v2\/types\/product"}],"replies":[{"embeddable":true,"href":"https:\/\/pop-co.fr\/index.php\/wp-json\/wp\/v2\/comments?post=2714"}],"version-history":[{"count":0,"href":"https:\/\/pop-co.fr\/index.php\/wp-json\/wp\/v2\/product\/2714\/revisions"}],"wp:featuredmedia":[{"embeddable":true,"href":"https:\/\/pop-co.fr\/index.php\/wp-json\/wp\/v2\/media\/149574"}],"wp:attachment":[{"href":"https:\/\/pop-co.fr\/index.php\/wp-json\/wp\/v2\/media?parent=2714"}],"wp:term":[{"taxonomy":"product_cat","embeddable":true,"href":"https:\/\/pop-co.fr\/index.php\/wp-json\/wp\/v2\/product_cat?post=2714"},{"taxonomy":"product_tag","embeddable":true,"href":"https:\/\/pop-co.fr\/index.php\/wp-json\/wp\/v2\/product_tag?post=2714"}],"curies":[{"name":"wp","href":"https:\/\/api.w.org\/{rel}","templated":true}]}}