{"id":2727,"date":"2024-02-20T18:13:09","date_gmt":"2024-02-20T17:13:09","guid":{"rendered":"https:\/\/pop-co.fr\/index.php\/product\/cup-noodle-one-piece-luffy-zoro-et-nami-poulet-thai\/"},"modified":"2025-06-28T13:24:11","modified_gmt":"2025-06-28T11:24:11","slug":"cup-noodle-one-piece-luffy-zoro-et-nami-poulet-thai","status":"publish","type":"product","link":"https:\/\/pop-co.fr\/index.php\/product\/cup-noodle-one-piece-luffy-zoro-et-nami-poulet-thai\/","title":{"rendered":"CUP NOODLE &#8211; ONE PIECE &#8211; Luffy, Zoro et Nami (Poulet Thai)"},"content":{"rendered":"<p>Nouilles instantan\u00e9es saveur poulet thai<\/p>\n<p>Sans huile de palme<br \/>\nPr\u00eat en 4 minutes<br \/>\nFabriqu\u00e9 en Europe<br \/>\nDLUO : 12 mois apr\u00e8s production<br \/>\n100% licence<\/p>\n<p>En japonais, le mot \u00ab\u00a0Negi\u00a0\u00bb signifie ciboulette. La ciboulette est fr\u00e9quemment utilis\u00e9e dans les recettes de nouilles!<\/p>\n<p>Langues imprim\u00e9es sur la cup : Fran\u00e7ais, Anglais, Italien, Allemand<\/p>\n","protected":false},"excerpt":{"rendered":"<p>Nouilles instantan\u00e9es saveur poulet thai Sans huile de palme Pr\u00eat en 4 minutes Fabriqu\u00e9 en Europe DLUO : 12 mois apr\u00e8s production 100% licence En japonais, le mot \u00ab\u00a0Negi\u00a0\u00bb signifie ciboulette. La ciboulette est fr\u00e9quemment utilis\u00e9e dans les recettes de nouilles! Langues imprim\u00e9es sur la cup : Fran\u00e7ais, Anglais, Italien, Allemand<\/p>\n","protected":false},"featured_media":149579,"comment_status":"open","ping_status":"closed","template":"","meta":[],"product_cat":[77],"product_tag":[],"aioseo_notices":[],"jetpack_sharing_enabled":true,"_links":{"self":[{"href":"https:\/\/pop-co.fr\/index.php\/wp-json\/wp\/v2\/product\/2727"}],"collection":[{"href":"https:\/\/pop-co.fr\/index.php\/wp-json\/wp\/v2\/product"}],"about":[{"href":"https:\/\/pop-co.fr\/index.php\/wp-json\/wp\/v2\/types\/product"}],"replies":[{"embeddable":true,"href":"https:\/\/pop-co.fr\/index.php\/wp-json\/wp\/v2\/comments?post=2727"}],"version-history":[{"count":0,"href":"https:\/\/pop-co.fr\/index.php\/wp-json\/wp\/v2\/product\/2727\/revisions"}],"wp:featuredmedia":[{"embeddable":true,"href":"https:\/\/pop-co.fr\/index.php\/wp-json\/wp\/v2\/media\/149579"}],"wp:attachment":[{"href":"https:\/\/pop-co.fr\/index.php\/wp-json\/wp\/v2\/media?parent=2727"}],"wp:term":[{"taxonomy":"product_cat","embeddable":true,"href":"https:\/\/pop-co.fr\/index.php\/wp-json\/wp\/v2\/product_cat?post=2727"},{"taxonomy":"product_tag","embeddable":true,"href":"https:\/\/pop-co.fr\/index.php\/wp-json\/wp\/v2\/product_tag?post=2727"}],"curies":[{"name":"wp","href":"https:\/\/api.w.org\/{rel}","templated":true}]}}