{"id":2749,"date":"2024-02-20T18:13:40","date_gmt":"2024-02-20T17:13:40","guid":{"rendered":"https:\/\/pop-co.fr\/index.php\/product\/puzzle-3d-jurassic-world-gigantoraurus\/"},"modified":"2025-06-28T13:24:27","modified_gmt":"2025-06-28T11:24:27","slug":"puzzle-3d-jurassic-world-gigantoraurus","status":"publish","type":"product","link":"https:\/\/pop-co.fr\/index.php\/product\/puzzle-3d-jurassic-world-gigantoraurus\/","title":{"rendered":"PUZZLE 3D &#8211; JURASSIC WORLD &#8211; Gigantoraurus"},"content":{"rendered":"<p>Puzzle 3D Jurassic World : Giganotosaurus,<\/p>\n<p>produit pr\u00e9sent\u00e9 en bo\u00eete cartonn\u00e9e.<\/p>\n","protected":false},"excerpt":{"rendered":"<p>Puzzle 3D Jurassic World : Giganotosaurus, produit pr\u00e9sent\u00e9 en bo\u00eete cartonn\u00e9e.<\/p>\n","protected":false},"featured_media":234752,"comment_status":"open","ping_status":"closed","template":"","meta":[],"product_cat":[39,44],"product_tag":[],"aioseo_notices":[],"jetpack_sharing_enabled":true,"_links":{"self":[{"href":"https:\/\/pop-co.fr\/index.php\/wp-json\/wp\/v2\/product\/2749"}],"collection":[{"href":"https:\/\/pop-co.fr\/index.php\/wp-json\/wp\/v2\/product"}],"about":[{"href":"https:\/\/pop-co.fr\/index.php\/wp-json\/wp\/v2\/types\/product"}],"replies":[{"embeddable":true,"href":"https:\/\/pop-co.fr\/index.php\/wp-json\/wp\/v2\/comments?post=2749"}],"version-history":[{"count":0,"href":"https:\/\/pop-co.fr\/index.php\/wp-json\/wp\/v2\/product\/2749\/revisions"}],"wp:featuredmedia":[{"embeddable":true,"href":"https:\/\/pop-co.fr\/index.php\/wp-json\/wp\/v2\/media\/234752"}],"wp:attachment":[{"href":"https:\/\/pop-co.fr\/index.php\/wp-json\/wp\/v2\/media?parent=2749"}],"wp:term":[{"taxonomy":"product_cat","embeddable":true,"href":"https:\/\/pop-co.fr\/index.php\/wp-json\/wp\/v2\/product_cat?post=2749"},{"taxonomy":"product_tag","embeddable":true,"href":"https:\/\/pop-co.fr\/index.php\/wp-json\/wp\/v2\/product_tag?post=2749"}],"curies":[{"name":"wp","href":"https:\/\/api.w.org\/{rel}","templated":true}]}}