{"id":277042,"date":"2024-12-28T10:46:11","date_gmt":"2024-12-28T09:46:11","guid":{"rendered":"https:\/\/pop-co.fr\/index.php\/product\/batman-logo-bouillotte-peluche-brodee\/"},"modified":"2025-06-28T11:53:15","modified_gmt":"2025-06-28T09:53:15","slug":"batman-logo-bouillotte-peluche-brodee","status":"publish","type":"product","link":"https:\/\/pop-co.fr\/index.php\/product\/batman-logo-bouillotte-peluche-brodee\/","title":{"rendered":"BATMAN &#8211; Logo &#8211; Bouillotte Peluche &amp; Brod\u00e9e"},"content":{"rendered":"<p>D\u00e9couvrez le confort r\u00e9confortant de la Bouillotte Peluche &amp; Brod\u00e9e, une compagne douce et chaleureuse pour les nuits fra\u00eeches. Cette bouillotte allie l&rsquo;aspect c\u00e2lin d&rsquo;une peluche avec la fonctionnalit\u00e9 d&rsquo;une bouillotte, cr\u00e9ant ainsi l&rsquo;accessoire parfait pour les moments de d\u00e9tente.<\/p>\n<p>La peluche douce et moelleuse offre une sensation r\u00e9confortante au toucher, tandis que la broderie d\u00e9taill\u00e9e ajoute une touche de charme. La bouillotte \u00e0 l&rsquo;int\u00e9rieur peut \u00eatre chauff\u00e9e pour vous offrir une source de chaleur apaisante pendant les nuits froides ou les journ\u00e9es hivernales.<\/p>\n<p>Que vous cherchiez \u00e0 vous r\u00e9chauffer apr\u00e8s une journ\u00e9e bien remplie ou \u00e0 apporter du r\u00e9confort \u00e0 un \u00eatre cher, la Bouillotte Peluche &amp; Brod\u00e9e est le cadeau id\u00e9al. Commandez la v\u00f4tre d\u00e8s maintenant et profitez de moments de chaleur et de douceur.<\/p>\n<p>inclus housse + bouillotte en caoutchouc<\/p>\n","protected":false},"excerpt":{"rendered":"<p>D\u00e9couvrez le confort r\u00e9confortant de la Bouillotte Peluche &amp; Brod\u00e9e, une compagne douce et chaleureuse pour les nuits fra\u00eeches. Cette bouillotte allie l&rsquo;aspect c\u00e2lin d&rsquo;une peluche avec la fonctionnalit\u00e9 d&rsquo;une bouillotte, cr\u00e9ant ainsi l&rsquo;accessoire parfait pour les moments de d\u00e9tente. La peluche douce et moelleuse offre une sensation r\u00e9confortante au toucher, tandis que la broderie [&hellip;]<\/p>\n","protected":false},"featured_media":306901,"comment_status":"open","ping_status":"closed","template":"","meta":[],"product_cat":[39,41],"product_tag":[],"aioseo_notices":[],"jetpack_sharing_enabled":true,"_links":{"self":[{"href":"https:\/\/pop-co.fr\/index.php\/wp-json\/wp\/v2\/product\/277042"}],"collection":[{"href":"https:\/\/pop-co.fr\/index.php\/wp-json\/wp\/v2\/product"}],"about":[{"href":"https:\/\/pop-co.fr\/index.php\/wp-json\/wp\/v2\/types\/product"}],"replies":[{"embeddable":true,"href":"https:\/\/pop-co.fr\/index.php\/wp-json\/wp\/v2\/comments?post=277042"}],"version-history":[{"count":0,"href":"https:\/\/pop-co.fr\/index.php\/wp-json\/wp\/v2\/product\/277042\/revisions"}],"wp:featuredmedia":[{"embeddable":true,"href":"https:\/\/pop-co.fr\/index.php\/wp-json\/wp\/v2\/media\/306901"}],"wp:attachment":[{"href":"https:\/\/pop-co.fr\/index.php\/wp-json\/wp\/v2\/media?parent=277042"}],"wp:term":[{"taxonomy":"product_cat","embeddable":true,"href":"https:\/\/pop-co.fr\/index.php\/wp-json\/wp\/v2\/product_cat?post=277042"},{"taxonomy":"product_tag","embeddable":true,"href":"https:\/\/pop-co.fr\/index.php\/wp-json\/wp\/v2\/product_tag?post=277042"}],"curies":[{"name":"wp","href":"https:\/\/api.w.org\/{rel}","templated":true}]}}