{"id":280022,"date":"2025-01-03T13:31:42","date_gmt":"2025-01-03T12:31:42","guid":{"rendered":"https:\/\/pop-co.fr\/index.php\/product\/lampe-3d-mario-icones\/"},"modified":"2025-06-28T11:54:38","modified_gmt":"2025-06-28T09:54:38","slug":"lampe-3d-mario-icones","status":"publish","type":"product","link":"https:\/\/pop-co.fr\/index.php\/product\/lampe-3d-mario-icones\/","title":{"rendered":"LAMPE 3D &#8211; MARIO &#8211; Ic\u00f4nes r\u00e9tro"},"content":{"rendered":"<p>Cette lampe de bureau Mario Icons est une addition parfaite pour le vrai fan de Mario ! Super sympa \u00e0 offrir en cadeau.<br \/>\nMario et le r\u00e9tro s&rsquo;unissent avec cette lampe de bureau Mario Icons ! Ajoutez cette lampe \u00e0 votre chambre, votre salon ou votre salle de jeu. La lampe repr\u00e9sente Mario avec des pouvoirs embl\u00e9matiques comme la fleur de feu et le champignon. Aliment\u00e9e par 3 piles AAA ou un c\u00e2ble USB, la lampe est une ode \u00e0 la s\u00e9rie de jeux Super Mario Bros. et propose trois modes d&rsquo;\u00e9clairage diff\u00e9rents : allum\u00e9, puls\u00e9 et r\u00e9actif \u00e0 la musique.<\/p>\n<p>Caract\u00e9ristiques :<br \/>\n&#8211; Lampe de bureau Mario Icons.<br \/>\n&#8211; La lampe est aliment\u00e9e par 3 piles AAA (non incluses) ou un c\u00e2ble USB (inclus).<br \/>\n&#8211; Comprend trois modes d&rsquo;\u00e9clairage diff\u00e9rents.<\/p>\n","protected":false},"excerpt":{"rendered":"<p>Cette lampe de bureau Mario Icons est une addition parfaite pour le vrai fan de Mario ! Super sympa \u00e0 offrir en cadeau. Mario et le r\u00e9tro s&rsquo;unissent avec cette lampe de bureau Mario Icons ! Ajoutez cette lampe \u00e0 votre chambre, votre salon ou votre salle de jeu. La lampe repr\u00e9sente Mario avec des [&hellip;]<\/p>\n","protected":false},"featured_media":349174,"comment_status":"open","ping_status":"closed","template":"","meta":[],"product_cat":[34,35],"product_tag":[],"aioseo_notices":[],"jetpack_sharing_enabled":true,"_links":{"self":[{"href":"https:\/\/pop-co.fr\/index.php\/wp-json\/wp\/v2\/product\/280022"}],"collection":[{"href":"https:\/\/pop-co.fr\/index.php\/wp-json\/wp\/v2\/product"}],"about":[{"href":"https:\/\/pop-co.fr\/index.php\/wp-json\/wp\/v2\/types\/product"}],"replies":[{"embeddable":true,"href":"https:\/\/pop-co.fr\/index.php\/wp-json\/wp\/v2\/comments?post=280022"}],"version-history":[{"count":0,"href":"https:\/\/pop-co.fr\/index.php\/wp-json\/wp\/v2\/product\/280022\/revisions"}],"wp:featuredmedia":[{"embeddable":true,"href":"https:\/\/pop-co.fr\/index.php\/wp-json\/wp\/v2\/media\/349174"}],"wp:attachment":[{"href":"https:\/\/pop-co.fr\/index.php\/wp-json\/wp\/v2\/media?parent=280022"}],"wp:term":[{"taxonomy":"product_cat","embeddable":true,"href":"https:\/\/pop-co.fr\/index.php\/wp-json\/wp\/v2\/product_cat?post=280022"},{"taxonomy":"product_tag","embeddable":true,"href":"https:\/\/pop-co.fr\/index.php\/wp-json\/wp\/v2\/product_tag?post=280022"}],"curies":[{"name":"wp","href":"https:\/\/api.w.org\/{rel}","templated":true}]}}