{"id":280045,"date":"2025-01-03T13:37:08","date_gmt":"2025-01-03T12:37:08","guid":{"rendered":"https:\/\/pop-co.fr\/index.php\/product\/lampe-3d-mario-plante-piranha\/"},"modified":"2025-06-28T11:54:27","modified_gmt":"2025-06-28T09:54:27","slug":"lampe-3d-mario-plante-piranha","status":"publish","type":"product","link":"https:\/\/pop-co.fr\/index.php\/product\/lampe-3d-mario-plante-piranha\/","title":{"rendered":"LAMPE 3D &#8211; MARIO &#8211; Plante Piranha"},"content":{"rendered":"<p>Le monde de Super Mario Bros. de Nintendo abrite de nombreuses cr\u00e9atures imaginatives, certaines qui aident Mario et ses amis et d&rsquo;autres qui vous rendront la victoire difficile. Une de ces cr\u00e9atures sont les piranhas.<br \/>\nAvec d&rsquo;\u00e9normes dents et une tige souple, ces plantes essaient de manger Mario, Luigi et compagnie chaque fois qu&rsquo;elles passent.<br \/>\nPaladone nous apporte ce luminaire exclusif inspir\u00e9 de ces ennemis particuliers du plombier italien. Il mesure environ 20 cm et est fait de PVC de haute qualit\u00e9.<br \/>\nIl dispose d&rsquo;un bouton ON\/OFF qui rend l&rsquo;op\u00e9ration tr\u00e8s simple. Fonctionne avec 3 piles AAA 1,5v.<br \/>\nCette ampoule flexible spectaculaire dont vous pouvez d\u00e9placer la tige pour la diriger dans la direction que vous pr\u00e9f\u00e9rez est livr\u00e9e dans un bo\u00eetier exclusif avec fen\u00eatre.<\/p>\n","protected":false},"excerpt":{"rendered":"<p>Le monde de Super Mario Bros. de Nintendo abrite de nombreuses cr\u00e9atures imaginatives, certaines qui aident Mario et ses amis et d&rsquo;autres qui vous rendront la victoire difficile. Une de ces cr\u00e9atures sont les piranhas. Avec d&rsquo;\u00e9normes dents et une tige souple, ces plantes essaient de manger Mario, Luigi et compagnie chaque fois qu&rsquo;elles passent. [&hellip;]<\/p>\n","protected":false},"featured_media":331152,"comment_status":"open","ping_status":"closed","template":"","meta":[],"product_cat":[34,35],"product_tag":[],"aioseo_notices":[],"jetpack_sharing_enabled":true,"_links":{"self":[{"href":"https:\/\/pop-co.fr\/index.php\/wp-json\/wp\/v2\/product\/280045"}],"collection":[{"href":"https:\/\/pop-co.fr\/index.php\/wp-json\/wp\/v2\/product"}],"about":[{"href":"https:\/\/pop-co.fr\/index.php\/wp-json\/wp\/v2\/types\/product"}],"replies":[{"embeddable":true,"href":"https:\/\/pop-co.fr\/index.php\/wp-json\/wp\/v2\/comments?post=280045"}],"version-history":[{"count":0,"href":"https:\/\/pop-co.fr\/index.php\/wp-json\/wp\/v2\/product\/280045\/revisions"}],"wp:featuredmedia":[{"embeddable":true,"href":"https:\/\/pop-co.fr\/index.php\/wp-json\/wp\/v2\/media\/331152"}],"wp:attachment":[{"href":"https:\/\/pop-co.fr\/index.php\/wp-json\/wp\/v2\/media?parent=280045"}],"wp:term":[{"taxonomy":"product_cat","embeddable":true,"href":"https:\/\/pop-co.fr\/index.php\/wp-json\/wp\/v2\/product_cat?post=280045"},{"taxonomy":"product_tag","embeddable":true,"href":"https:\/\/pop-co.fr\/index.php\/wp-json\/wp\/v2\/product_tag?post=280045"}],"curies":[{"name":"wp","href":"https:\/\/api.w.org\/{rel}","templated":true}]}}