{"id":280057,"date":"2025-01-03T13:39:20","date_gmt":"2025-01-03T12:39:20","guid":{"rendered":"https:\/\/pop-co.fr\/index.php\/product\/tirelire-mario-bloc-point-dinterrogation\/"},"modified":"2025-06-28T11:54:20","modified_gmt":"2025-06-28T09:54:20","slug":"tirelire-mario-bloc-point-dinterrogation","status":"publish","type":"product","link":"https:\/\/pop-co.fr\/index.php\/product\/tirelire-mario-bloc-point-dinterrogation\/","title":{"rendered":"TIRELIRE &#8211; MARIO &#8211; Bloc Point d&rsquo;Interrogation"},"content":{"rendered":"<p>\u00c9conomisez vos pi\u00e8ces d&rsquo;or avec style gr\u00e2ce \u00e0 notre tirelire \u00ab\u00a0SUPER MARIO &#8211; Bloc Point d&rsquo;Interrogation\u00a0\u00bb. Mesurant 12.3 cm, cette tirelire ludique capture l&#8217;embl\u00e9matique bloc \u00e0 point d&rsquo;interrogation de l&rsquo;univers Super Mario Bros.<\/p>\n<p>La tirelire pr\u00e9sente des d\u00e9tails soigneusement reproduits du bloc \u00e0 point d&rsquo;interrogation, cr\u00e9ant une pi\u00e8ce charmante pour les fans de Mario. La fente sur le dessus permet de glisser facilement les pi\u00e8ces, ajoutant une touche de jeu vid\u00e9o \u00e0 votre routine d&rsquo;\u00e9conomie.<\/p>\n<p>Que vous soyez un amateur de jeux r\u00e9tro ou un fan de Super Mario Bros., cette tirelire est une mani\u00e8re amusante de commencer \u00e0 \u00e9conomiser. Placez-la sur votre \u00e9tag\u00e8re, sur votre bureau, ou tout simplement l\u00e0 o\u00f9 vous souhaitez afficher votre amour pour le plombier moustachu.<\/p>\n<p>Procurez-vous d\u00e8s maintenant la tirelire \u00ab\u00a0Bloc Point d&rsquo;Interrogation\u00a0\u00bb de Super Mario et ajoutez une dose de nostalgie \u00e0 votre espace. \u00c9conomisez vos pi\u00e8ces avec le style classique de Mario !<\/p>\n","protected":false},"excerpt":{"rendered":"<p>\u00c9conomisez vos pi\u00e8ces d&rsquo;or avec style gr\u00e2ce \u00e0 notre tirelire \u00ab\u00a0SUPER MARIO &#8211; Bloc Point d&rsquo;Interrogation\u00a0\u00bb. Mesurant 12.3 cm, cette tirelire ludique capture l&#8217;embl\u00e9matique bloc \u00e0 point d&rsquo;interrogation de l&rsquo;univers Super Mario Bros. La tirelire pr\u00e9sente des d\u00e9tails soigneusement reproduits du bloc \u00e0 point d&rsquo;interrogation, cr\u00e9ant une pi\u00e8ce charmante pour les fans de Mario. La [&hellip;]<\/p>\n","protected":false},"featured_media":332059,"comment_status":"open","ping_status":"closed","template":"","meta":[],"product_cat":[34,35],"product_tag":[],"aioseo_notices":[],"jetpack_sharing_enabled":true,"_links":{"self":[{"href":"https:\/\/pop-co.fr\/index.php\/wp-json\/wp\/v2\/product\/280057"}],"collection":[{"href":"https:\/\/pop-co.fr\/index.php\/wp-json\/wp\/v2\/product"}],"about":[{"href":"https:\/\/pop-co.fr\/index.php\/wp-json\/wp\/v2\/types\/product"}],"replies":[{"embeddable":true,"href":"https:\/\/pop-co.fr\/index.php\/wp-json\/wp\/v2\/comments?post=280057"}],"version-history":[{"count":0,"href":"https:\/\/pop-co.fr\/index.php\/wp-json\/wp\/v2\/product\/280057\/revisions"}],"wp:featuredmedia":[{"embeddable":true,"href":"https:\/\/pop-co.fr\/index.php\/wp-json\/wp\/v2\/media\/332059"}],"wp:attachment":[{"href":"https:\/\/pop-co.fr\/index.php\/wp-json\/wp\/v2\/media?parent=280057"}],"wp:term":[{"taxonomy":"product_cat","embeddable":true,"href":"https:\/\/pop-co.fr\/index.php\/wp-json\/wp\/v2\/product_cat?post=280057"},{"taxonomy":"product_tag","embeddable":true,"href":"https:\/\/pop-co.fr\/index.php\/wp-json\/wp\/v2\/product_tag?post=280057"}],"curies":[{"name":"wp","href":"https:\/\/api.w.org\/{rel}","templated":true}]}}