{"id":280693,"date":"2025-01-08T10:26:03","date_gmt":"2025-01-08T09:26:03","guid":{"rendered":"https:\/\/pop-co.fr\/index.php\/product\/disney-stitch-charm-bag-clip\/"},"modified":"2025-07-26T14:54:13","modified_gmt":"2025-07-26T12:54:13","slug":"disney-stitch-charm-bag-clip","status":"publish","type":"product","link":"https:\/\/pop-co.fr\/index.php\/product\/disney-stitch-charm-bag-clip\/","title":{"rendered":"DISNEY &#8211; Stitch &#8211; Charm Bag Clip"},"content":{"rendered":"<p>collectionner jusqu&rsquo;a 10 porte clef de l&rsquo;univers Stitch<br \/>\n*<br \/>\nproduit myst\u00e8re ne pouvant \u00eatre \u00e9chang\u00e9 !<\/p>\n","protected":false},"excerpt":{"rendered":"<p>collectionner jusqu&rsquo;a 10 porte clef de l&rsquo;univers Stitch * produit myst\u00e8re ne pouvant \u00eatre \u00e9chang\u00e9 !<\/p>\n","protected":false},"featured_media":355217,"comment_status":"open","ping_status":"closed","template":"","meta":[],"product_cat":[30],"product_tag":[],"aioseo_notices":[],"jetpack_sharing_enabled":true,"_links":{"self":[{"href":"https:\/\/pop-co.fr\/index.php\/wp-json\/wp\/v2\/product\/280693"}],"collection":[{"href":"https:\/\/pop-co.fr\/index.php\/wp-json\/wp\/v2\/product"}],"about":[{"href":"https:\/\/pop-co.fr\/index.php\/wp-json\/wp\/v2\/types\/product"}],"replies":[{"embeddable":true,"href":"https:\/\/pop-co.fr\/index.php\/wp-json\/wp\/v2\/comments?post=280693"}],"version-history":[{"count":0,"href":"https:\/\/pop-co.fr\/index.php\/wp-json\/wp\/v2\/product\/280693\/revisions"}],"wp:featuredmedia":[{"embeddable":true,"href":"https:\/\/pop-co.fr\/index.php\/wp-json\/wp\/v2\/media\/355217"}],"wp:attachment":[{"href":"https:\/\/pop-co.fr\/index.php\/wp-json\/wp\/v2\/media?parent=280693"}],"wp:term":[{"taxonomy":"product_cat","embeddable":true,"href":"https:\/\/pop-co.fr\/index.php\/wp-json\/wp\/v2\/product_cat?post=280693"},{"taxonomy":"product_tag","embeddable":true,"href":"https:\/\/pop-co.fr\/index.php\/wp-json\/wp\/v2\/product_tag?post=280693"}],"curies":[{"name":"wp","href":"https:\/\/api.w.org\/{rel}","templated":true}]}}