{"id":282682,"date":"2025-01-13T18:11:16","date_gmt":"2025-01-13T17:11:16","guid":{"rendered":"https:\/\/pop-co.fr\/index.php\/product\/chibi-poster-x2-nbx-letrange-noel-de-m-jack\/"},"modified":"2025-07-29T12:06:11","modified_gmt":"2025-07-29T10:06:11","slug":"chibi-poster-x2-nbx-letrange-noel-de-m-jack","status":"publish","type":"product","link":"https:\/\/pop-co.fr\/index.php\/product\/chibi-poster-x2-nbx-letrange-noel-de-m-jack\/","title":{"rendered":"CHIBI POSTER X2 &#8211; NBX &#8211; L\u2019\u00e9trange No\u00ebl de M. Jack"},"content":{"rendered":"<p>Lot de 2 mini-affiches, 38 x 52 cm, en papier 157 g\/m2 avec pelliculage mat. Comprend 8 pi\u00e8ces de p\u00e2te adh\u00e9sive. Livr\u00e9 dans une bo\u00eete rectangulaire.<\/p>\n","protected":false},"excerpt":{"rendered":"<p>Lot de 2 mini-affiches, 38 x 52 cm, en papier 157 g\/m2 avec pelliculage mat. Comprend 8 pi\u00e8ces de p\u00e2te adh\u00e9sive. Livr\u00e9 dans une bo\u00eete rectangulaire.<\/p>\n","protected":false},"featured_media":356735,"comment_status":"open","ping_status":"closed","template":"","meta":[],"product_cat":[31],"product_tag":[],"aioseo_notices":[],"jetpack_sharing_enabled":true,"_links":{"self":[{"href":"https:\/\/pop-co.fr\/index.php\/wp-json\/wp\/v2\/product\/282682"}],"collection":[{"href":"https:\/\/pop-co.fr\/index.php\/wp-json\/wp\/v2\/product"}],"about":[{"href":"https:\/\/pop-co.fr\/index.php\/wp-json\/wp\/v2\/types\/product"}],"replies":[{"embeddable":true,"href":"https:\/\/pop-co.fr\/index.php\/wp-json\/wp\/v2\/comments?post=282682"}],"version-history":[{"count":0,"href":"https:\/\/pop-co.fr\/index.php\/wp-json\/wp\/v2\/product\/282682\/revisions"}],"wp:featuredmedia":[{"embeddable":true,"href":"https:\/\/pop-co.fr\/index.php\/wp-json\/wp\/v2\/media\/356735"}],"wp:attachment":[{"href":"https:\/\/pop-co.fr\/index.php\/wp-json\/wp\/v2\/media?parent=282682"}],"wp:term":[{"taxonomy":"product_cat","embeddable":true,"href":"https:\/\/pop-co.fr\/index.php\/wp-json\/wp\/v2\/product_cat?post=282682"},{"taxonomy":"product_tag","embeddable":true,"href":"https:\/\/pop-co.fr\/index.php\/wp-json\/wp\/v2\/product_tag?post=282682"}],"curies":[{"name":"wp","href":"https:\/\/api.w.org\/{rel}","templated":true}]}}