{"id":2832,"date":"2024-02-20T18:15:54","date_gmt":"2024-02-20T17:15:54","guid":{"rendered":"https:\/\/pop-co.fr\/index.php\/product\/puzzle-3d-pokemon-hyper-ball-54pcs\/"},"modified":"2025-06-28T13:25:39","modified_gmt":"2025-06-28T11:25:39","slug":"puzzle-3d-pokemon-hyper-ball-54pcs","status":"publish","type":"product","link":"https:\/\/pop-co.fr\/index.php\/product\/puzzle-3d-pokemon-hyper-ball-54pcs\/","title":{"rendered":"PUZZLE 3D &#8211; POKEMON &#8211; Hyper ball (54pcs)"},"content":{"rendered":"<p>Chaque puzzle est constitu\u00e9 de 54 pi\u00e8ces de plastique incurv\u00e9es et num\u00e9rot\u00e9es, qui forment une sph\u00e8re \u00e0 l&rsquo;effigie de l&rsquo;univers Pok\u00e9mon. Une fois mont\u00e9, le puzzle 3D rond tient sans colle et peut-\u00eatre expos\u00e9 sur son support inclus.<\/p>\n<p>Contenu\/Pr\u00e9sentation<br \/>\n54 pi\u00e8ces num\u00e9rot\u00e9es, 1 socle, 1 notice, Diam\u00e8tre du puzzle 3D : 7 cm<\/p>\n","protected":false},"excerpt":{"rendered":"<p>Chaque puzzle est constitu\u00e9 de 54 pi\u00e8ces de plastique incurv\u00e9es et num\u00e9rot\u00e9es, qui forment une sph\u00e8re \u00e0 l&rsquo;effigie de l&rsquo;univers Pok\u00e9mon. Une fois mont\u00e9, le puzzle 3D rond tient sans colle et peut-\u00eatre expos\u00e9 sur son support inclus. Contenu\/Pr\u00e9sentation 54 pi\u00e8ces num\u00e9rot\u00e9es, 1 socle, 1 notice, Diam\u00e8tre du puzzle 3D : 7 cm<\/p>\n","protected":false},"featured_media":252597,"comment_status":"open","ping_status":"closed","template":"","meta":[],"product_cat":[34,20],"product_tag":[],"aioseo_notices":[],"jetpack_sharing_enabled":true,"_links":{"self":[{"href":"https:\/\/pop-co.fr\/index.php\/wp-json\/wp\/v2\/product\/2832"}],"collection":[{"href":"https:\/\/pop-co.fr\/index.php\/wp-json\/wp\/v2\/product"}],"about":[{"href":"https:\/\/pop-co.fr\/index.php\/wp-json\/wp\/v2\/types\/product"}],"replies":[{"embeddable":true,"href":"https:\/\/pop-co.fr\/index.php\/wp-json\/wp\/v2\/comments?post=2832"}],"version-history":[{"count":0,"href":"https:\/\/pop-co.fr\/index.php\/wp-json\/wp\/v2\/product\/2832\/revisions"}],"wp:featuredmedia":[{"embeddable":true,"href":"https:\/\/pop-co.fr\/index.php\/wp-json\/wp\/v2\/media\/252597"}],"wp:attachment":[{"href":"https:\/\/pop-co.fr\/index.php\/wp-json\/wp\/v2\/media?parent=2832"}],"wp:term":[{"taxonomy":"product_cat","embeddable":true,"href":"https:\/\/pop-co.fr\/index.php\/wp-json\/wp\/v2\/product_cat?post=2832"},{"taxonomy":"product_tag","embeddable":true,"href":"https:\/\/pop-co.fr\/index.php\/wp-json\/wp\/v2\/product_tag?post=2832"}],"curies":[{"name":"wp","href":"https:\/\/api.w.org\/{rel}","templated":true}]}}