{"id":2834,"date":"2024-02-20T18:15:57","date_gmt":"2024-02-20T17:15:57","guid":{"rendered":"https:\/\/pop-co.fr\/index.php\/product\/coffret-wednesday-boite-metal\/"},"modified":"2025-06-28T13:25:41","modified_gmt":"2025-06-28T11:25:41","slug":"coffret-wednesday-boite-metal","status":"publish","type":"product","link":"https:\/\/pop-co.fr\/index.php\/product\/coffret-wednesday-boite-metal\/","title":{"rendered":"COFFRET &#8211; WEDNESDAY &#8211; Bo\u00eete m\u00e9tal"},"content":{"rendered":"<p>Ajoutez une touche du mercredi Addams \u00e0 votre journ\u00e9e avec cet ensemble cadeau du mercredi ! Il se compose d&rsquo;une tasse en c\u00e9ramique avec un motif accrocheur, contrast\u00e9 dans un m\u00e9lange sombre de noir et de violet. Le mug est accompagn\u00e9 d&rsquo;un sous-verre et d&rsquo;une grande bo\u00eete en fer assortis, sur lesquels figure la phrase embl\u00e9matique \u00ab\u00a0Nightmares and Ravens\u00a0\u00bb (cauchemars et corbeaux), parfaite pour montrer le c\u00f4t\u00e9 sombre qui sommeille en vous !<\/p>\n","protected":false},"excerpt":{"rendered":"<p>Ajoutez une touche du mercredi Addams \u00e0 votre journ\u00e9e avec cet ensemble cadeau du mercredi ! Il se compose d&rsquo;une tasse en c\u00e9ramique avec un motif accrocheur, contrast\u00e9 dans un m\u00e9lange sombre de noir et de violet. Le mug est accompagn\u00e9 d&rsquo;un sous-verre et d&rsquo;une grande bo\u00eete en fer assortis, sur lesquels figure la phrase [&hellip;]<\/p>\n","protected":false},"featured_media":284022,"comment_status":"open","ping_status":"closed","template":"","meta":[],"product_cat":[39,64],"product_tag":[],"aioseo_notices":[],"jetpack_sharing_enabled":true,"_links":{"self":[{"href":"https:\/\/pop-co.fr\/index.php\/wp-json\/wp\/v2\/product\/2834"}],"collection":[{"href":"https:\/\/pop-co.fr\/index.php\/wp-json\/wp\/v2\/product"}],"about":[{"href":"https:\/\/pop-co.fr\/index.php\/wp-json\/wp\/v2\/types\/product"}],"replies":[{"embeddable":true,"href":"https:\/\/pop-co.fr\/index.php\/wp-json\/wp\/v2\/comments?post=2834"}],"version-history":[{"count":0,"href":"https:\/\/pop-co.fr\/index.php\/wp-json\/wp\/v2\/product\/2834\/revisions"}],"wp:featuredmedia":[{"embeddable":true,"href":"https:\/\/pop-co.fr\/index.php\/wp-json\/wp\/v2\/media\/284022"}],"wp:attachment":[{"href":"https:\/\/pop-co.fr\/index.php\/wp-json\/wp\/v2\/media?parent=2834"}],"wp:term":[{"taxonomy":"product_cat","embeddable":true,"href":"https:\/\/pop-co.fr\/index.php\/wp-json\/wp\/v2\/product_cat?post=2834"},{"taxonomy":"product_tag","embeddable":true,"href":"https:\/\/pop-co.fr\/index.php\/wp-json\/wp\/v2\/product_tag?post=2834"}],"curies":[{"name":"wp","href":"https:\/\/api.w.org\/{rel}","templated":true}]}}