{"id":2836,"date":"2024-02-20T18:16:01","date_gmt":"2024-02-20T17:16:01","guid":{"rendered":"https:\/\/pop-co.fr\/index.php\/product\/coffret-stranger-things-boite-metal-hellfire-club\/"},"modified":"2025-07-21T17:14:41","modified_gmt":"2025-07-21T15:14:41","slug":"coffret-stranger-things-boite-metal-hellfire-club","status":"publish","type":"product","link":"https:\/\/pop-co.fr\/index.php\/product\/coffret-stranger-things-boite-metal-hellfire-club\/","title":{"rendered":"COFFRET &#8211; STRANGER THINGS &#8211; Bo\u00eete m\u00e9tal Hellfire Club"},"content":{"rendered":"<p>Donnez vie au Hellfire Club avec ce coffret cadeau Stranger Things incontournable ! Avec ses couleurs rouge et noir distinctives et les polices de caract\u00e8res embl\u00e9matiques de Stranger Things, ce coffret ne manquera pas de faire sensation et de se faire remarquer o\u00f9 qu&rsquo;il soit plac\u00e9. Il comprend une tasse, une bo\u00eete assortie et un sous-verre, ce qui en fait le compl\u00e9ment id\u00e9al de toute collection !<\/p>\n","protected":false},"excerpt":{"rendered":"<p>Donnez vie au Hellfire Club avec ce coffret cadeau Stranger Things incontournable ! Avec ses couleurs rouge et noir distinctives et les polices de caract\u00e8res embl\u00e9matiques de Stranger Things, ce coffret ne manquera pas de faire sensation et de se faire remarquer o\u00f9 qu&rsquo;il soit plac\u00e9. Il comprend une tasse, une bo\u00eete assortie et un [&hellip;]<\/p>\n","protected":false},"featured_media":354912,"comment_status":"open","ping_status":"closed","template":"","meta":[],"product_cat":[39,42],"product_tag":[],"aioseo_notices":[],"jetpack_sharing_enabled":true,"_links":{"self":[{"href":"https:\/\/pop-co.fr\/index.php\/wp-json\/wp\/v2\/product\/2836"}],"collection":[{"href":"https:\/\/pop-co.fr\/index.php\/wp-json\/wp\/v2\/product"}],"about":[{"href":"https:\/\/pop-co.fr\/index.php\/wp-json\/wp\/v2\/types\/product"}],"replies":[{"embeddable":true,"href":"https:\/\/pop-co.fr\/index.php\/wp-json\/wp\/v2\/comments?post=2836"}],"version-history":[{"count":0,"href":"https:\/\/pop-co.fr\/index.php\/wp-json\/wp\/v2\/product\/2836\/revisions"}],"wp:featuredmedia":[{"embeddable":true,"href":"https:\/\/pop-co.fr\/index.php\/wp-json\/wp\/v2\/media\/354912"}],"wp:attachment":[{"href":"https:\/\/pop-co.fr\/index.php\/wp-json\/wp\/v2\/media?parent=2836"}],"wp:term":[{"taxonomy":"product_cat","embeddable":true,"href":"https:\/\/pop-co.fr\/index.php\/wp-json\/wp\/v2\/product_cat?post=2836"},{"taxonomy":"product_tag","embeddable":true,"href":"https:\/\/pop-co.fr\/index.php\/wp-json\/wp\/v2\/product_tag?post=2836"}],"curies":[{"name":"wp","href":"https:\/\/api.w.org\/{rel}","templated":true}]}}