{"id":286378,"date":"2025-01-24T13:25:09","date_gmt":"2025-01-24T12:25:09","guid":{"rendered":"https:\/\/pop-co.fr\/index.php\/product\/cadre-junji-ito-tomie\/"},"modified":"2025-06-28T11:52:26","modified_gmt":"2025-06-28T09:52:26","slug":"cadre-junji-ito-tomie","status":"publish","type":"product","link":"https:\/\/pop-co.fr\/index.php\/product\/cadre-junji-ito-tomie\/","title":{"rendered":"CADRE &#8211; JUNJI ITO &#8211; Tomie"},"content":{"rendered":"<p>Aussi magn\u00e9tique que mal\u00e9fique, Tomie ne laisse personne indiff\u00e9rent sur cet envo\u00fbtant tirage encadr\u00e9 Junji Ito par GB eye ! Les fans pourront exposer les planches embl\u00e9matiques de l&rsquo;oeuvre de Junji Ito. <\/p>\n<p>&#8211; Tirage sur papier photographique<br \/>\n&#8211; Dimensions : 30,5 x 40,6 cm<br \/>\n&#8211; Epaisseur du cadre : 25 mm<br \/>\n&#8211; Vitre en styr\u00e8ne tr\u00e8s solide<br \/>\n&#8211; Packaging : film plastique avec plastique de protection sur les coins<\/p>\n","protected":false},"excerpt":{"rendered":"<p>Aussi magn\u00e9tique que mal\u00e9fique, Tomie ne laisse personne indiff\u00e9rent sur cet envo\u00fbtant tirage encadr\u00e9 Junji Ito par GB eye ! Les fans pourront exposer les planches embl\u00e9matiques de l&rsquo;oeuvre de Junji Ito. &#8211; Tirage sur papier photographique &#8211; Dimensions : 30,5 x 40,6 cm &#8211; Epaisseur du cadre : 25 mm &#8211; Vitre en styr\u00e8ne [&hellip;]<\/p>\n","protected":false},"featured_media":344078,"comment_status":"open","ping_status":"closed","template":"","meta":[],"product_cat":[76],"product_tag":[],"aioseo_notices":[],"jetpack_sharing_enabled":true,"_links":{"self":[{"href":"https:\/\/pop-co.fr\/index.php\/wp-json\/wp\/v2\/product\/286378"}],"collection":[{"href":"https:\/\/pop-co.fr\/index.php\/wp-json\/wp\/v2\/product"}],"about":[{"href":"https:\/\/pop-co.fr\/index.php\/wp-json\/wp\/v2\/types\/product"}],"replies":[{"embeddable":true,"href":"https:\/\/pop-co.fr\/index.php\/wp-json\/wp\/v2\/comments?post=286378"}],"version-history":[{"count":0,"href":"https:\/\/pop-co.fr\/index.php\/wp-json\/wp\/v2\/product\/286378\/revisions"}],"wp:featuredmedia":[{"embeddable":true,"href":"https:\/\/pop-co.fr\/index.php\/wp-json\/wp\/v2\/media\/344078"}],"wp:attachment":[{"href":"https:\/\/pop-co.fr\/index.php\/wp-json\/wp\/v2\/media?parent=286378"}],"wp:term":[{"taxonomy":"product_cat","embeddable":true,"href":"https:\/\/pop-co.fr\/index.php\/wp-json\/wp\/v2\/product_cat?post=286378"},{"taxonomy":"product_tag","embeddable":true,"href":"https:\/\/pop-co.fr\/index.php\/wp-json\/wp\/v2\/product_tag?post=286378"}],"curies":[{"name":"wp","href":"https:\/\/api.w.org\/{rel}","templated":true}]}}