{"id":2864,"date":"2024-02-20T18:16:36","date_gmt":"2024-02-20T17:16:36","guid":{"rendered":"https:\/\/pop-co.fr\/index.php\/product\/tote-bag-wednesday-mercredi-addams\/"},"modified":"2025-07-29T11:17:39","modified_gmt":"2025-07-29T09:17:39","slug":"tote-bag-wednesday-mercredi-addams","status":"publish","type":"product","link":"https:\/\/pop-co.fr\/index.php\/product\/tote-bag-wednesday-mercredi-addams\/","title":{"rendered":"TOTE BAG &#8211; WEDNESDAY &#8211; Mercredi Addams"},"content":{"rendered":"<p>Le sac en tissu mesure 37 x 39 x 10 cm et poss\u00e8de deux anses pour le porter \u00e0 l&rsquo;\u00e9paule. Fabriqu\u00e9 en 100 % coton.<\/p>\n","protected":false},"excerpt":{"rendered":"<p>Le sac en tissu mesure 37 x 39 x 10 cm et poss\u00e8de deux anses pour le porter \u00e0 l&rsquo;\u00e9paule. Fabriqu\u00e9 en 100 % coton.<\/p>\n","protected":false},"featured_media":356239,"comment_status":"open","ping_status":"closed","template":"","meta":[],"product_cat":[47,70],"product_tag":[],"aioseo_notices":[],"jetpack_sharing_enabled":true,"_links":{"self":[{"href":"https:\/\/pop-co.fr\/index.php\/wp-json\/wp\/v2\/product\/2864"}],"collection":[{"href":"https:\/\/pop-co.fr\/index.php\/wp-json\/wp\/v2\/product"}],"about":[{"href":"https:\/\/pop-co.fr\/index.php\/wp-json\/wp\/v2\/types\/product"}],"replies":[{"embeddable":true,"href":"https:\/\/pop-co.fr\/index.php\/wp-json\/wp\/v2\/comments?post=2864"}],"version-history":[{"count":0,"href":"https:\/\/pop-co.fr\/index.php\/wp-json\/wp\/v2\/product\/2864\/revisions"}],"wp:featuredmedia":[{"embeddable":true,"href":"https:\/\/pop-co.fr\/index.php\/wp-json\/wp\/v2\/media\/356239"}],"wp:attachment":[{"href":"https:\/\/pop-co.fr\/index.php\/wp-json\/wp\/v2\/media?parent=2864"}],"wp:term":[{"taxonomy":"product_cat","embeddable":true,"href":"https:\/\/pop-co.fr\/index.php\/wp-json\/wp\/v2\/product_cat?post=2864"},{"taxonomy":"product_tag","embeddable":true,"href":"https:\/\/pop-co.fr\/index.php\/wp-json\/wp\/v2\/product_tag?post=2864"}],"curies":[{"name":"wp","href":"https:\/\/api.w.org\/{rel}","templated":true}]}}