{"id":286530,"date":"2025-01-24T13:29:32","date_gmt":"2025-01-24T12:29:32","guid":{"rendered":"https:\/\/pop-co.fr\/index.php\/product\/tapis-de-souris-xxl-one-piece-bataille-a-wano-2\/"},"modified":"2025-07-26T12:33:14","modified_gmt":"2025-07-26T10:33:14","slug":"tapis-de-souris-xxl-one-piece-bataille-a-wano-2","status":"publish","type":"product","link":"https:\/\/pop-co.fr\/index.php\/product\/tapis-de-souris-xxl-one-piece-bataille-a-wano-2\/","title":{"rendered":"TAPIS DE SOURIS XXL &#8211; ONE PIECE &#8211; Bataille \u00e0 Wano"},"content":{"rendered":"<p>La bataille fait rage sur les terres de Wano ! Tout l&rsquo;\u00e9quipage du Chapeau de Paille est r\u00e9uni, pr\u00eat \u00e0 en d\u00e9coudre face Kaido et tous ses subalternes. La tension est \u00e0 son comble, la temp\u00e9rature monte&#8230; \u00cates-vous pr\u00eats pour la castagne avec Luffy et tous ses \u00e9quipiers ? Rejoignez l&rsquo;aventure sur ce magnifique tapis de souris gaming XXL One Piece par ABYstyle ! <\/p>\n<p>&#8211; Grand tapis de souris<br \/>\n&#8211; Dimensions : 90 cm x 40 cm, \u00e9paisseur de 3 mm<br \/>\n&#8211; Base anti-d\u00e9rapante<br \/>\n&#8211; Bordures brod\u00e9es anti-effilochage<br \/>\n&#8211; Compatible avec les souris laser et optiques<\/p>\n","protected":false},"excerpt":{"rendered":"<p>La bataille fait rage sur les terres de Wano ! Tout l&rsquo;\u00e9quipage du Chapeau de Paille est r\u00e9uni, pr\u00eat \u00e0 en d\u00e9coudre face Kaido et tous ses subalternes. La tension est \u00e0 son comble, la temp\u00e9rature monte&#8230; \u00cates-vous pr\u00eats pour la castagne avec Luffy et tous ses \u00e9quipiers ? Rejoignez l&rsquo;aventure sur ce magnifique tapis [&hellip;]<\/p>\n","protected":false},"featured_media":355202,"comment_status":"open","ping_status":"closed","template":"","meta":[],"product_cat":[17,22],"product_tag":[],"aioseo_notices":[],"jetpack_sharing_enabled":true,"_links":{"self":[{"href":"https:\/\/pop-co.fr\/index.php\/wp-json\/wp\/v2\/product\/286530"}],"collection":[{"href":"https:\/\/pop-co.fr\/index.php\/wp-json\/wp\/v2\/product"}],"about":[{"href":"https:\/\/pop-co.fr\/index.php\/wp-json\/wp\/v2\/types\/product"}],"replies":[{"embeddable":true,"href":"https:\/\/pop-co.fr\/index.php\/wp-json\/wp\/v2\/comments?post=286530"}],"version-history":[{"count":0,"href":"https:\/\/pop-co.fr\/index.php\/wp-json\/wp\/v2\/product\/286530\/revisions"}],"wp:featuredmedia":[{"embeddable":true,"href":"https:\/\/pop-co.fr\/index.php\/wp-json\/wp\/v2\/media\/355202"}],"wp:attachment":[{"href":"https:\/\/pop-co.fr\/index.php\/wp-json\/wp\/v2\/media?parent=286530"}],"wp:term":[{"taxonomy":"product_cat","embeddable":true,"href":"https:\/\/pop-co.fr\/index.php\/wp-json\/wp\/v2\/product_cat?post=286530"},{"taxonomy":"product_tag","embeddable":true,"href":"https:\/\/pop-co.fr\/index.php\/wp-json\/wp\/v2\/product_tag?post=286530"}],"curies":[{"name":"wp","href":"https:\/\/api.w.org\/{rel}","templated":true}]}}