{"id":286548,"date":"2025-01-24T13:31:13","date_gmt":"2025-01-24T12:31:13","guid":{"rendered":"https:\/\/pop-co.fr\/index.php\/product\/porte-cles-one-piece-peluche-gigot-2\/"},"modified":"2025-06-28T11:52:20","modified_gmt":"2025-06-28T09:52:20","slug":"porte-cles-one-piece-peluche-gigot-2","status":"publish","type":"product","link":"https:\/\/pop-co.fr\/index.php\/product\/porte-cles-one-piece-peluche-gigot-2\/","title":{"rendered":"PORTE CLES &#8211; ONE PIECE &#8211; Peluche gigot"},"content":{"rendered":"<p>Si votre app\u00e9tit est comparable au futur Roi des pirates, alors ce porte-cl\u00e9s peluche One Piece par ABYstyle est fait pour vous mais d\u00e9p\u00eachez-vous !! Luffy sort d&rsquo;un combat et va d\u00e9vorer tout ce qui ressemble de pr\u00e8s ou de loin \u00e0 de la viande ! <\/p>\n<p>&#8211; Attache mousqueton en m\u00e9tal<br \/>\n&#8211; Velboa<br \/>\n&#8211; D\u00e9tails brod\u00e9s<br \/>\n&#8211; Packaging brochable pour une bonne visibilit\u00e9 en magasin<br \/>\n&#8211; Peluche : H. 13,5 cm x L. 5 cm<\/p>\n","protected":false},"excerpt":{"rendered":"<p>Si votre app\u00e9tit est comparable au futur Roi des pirates, alors ce porte-cl\u00e9s peluche One Piece par ABYstyle est fait pour vous mais d\u00e9p\u00eachez-vous !! Luffy sort d&rsquo;un combat et va d\u00e9vorer tout ce qui ressemble de pr\u00e8s ou de loin \u00e0 de la viande ! &#8211; Attache mousqueton en m\u00e9tal &#8211; Velboa &#8211; D\u00e9tails [&hellip;]<\/p>\n","protected":false},"featured_media":327009,"comment_status":"open","ping_status":"closed","template":"","meta":[],"product_cat":[17,22],"product_tag":[],"aioseo_notices":[],"jetpack_sharing_enabled":true,"_links":{"self":[{"href":"https:\/\/pop-co.fr\/index.php\/wp-json\/wp\/v2\/product\/286548"}],"collection":[{"href":"https:\/\/pop-co.fr\/index.php\/wp-json\/wp\/v2\/product"}],"about":[{"href":"https:\/\/pop-co.fr\/index.php\/wp-json\/wp\/v2\/types\/product"}],"replies":[{"embeddable":true,"href":"https:\/\/pop-co.fr\/index.php\/wp-json\/wp\/v2\/comments?post=286548"}],"version-history":[{"count":0,"href":"https:\/\/pop-co.fr\/index.php\/wp-json\/wp\/v2\/product\/286548\/revisions"}],"wp:featuredmedia":[{"embeddable":true,"href":"https:\/\/pop-co.fr\/index.php\/wp-json\/wp\/v2\/media\/327009"}],"wp:attachment":[{"href":"https:\/\/pop-co.fr\/index.php\/wp-json\/wp\/v2\/media?parent=286548"}],"wp:term":[{"taxonomy":"product_cat","embeddable":true,"href":"https:\/\/pop-co.fr\/index.php\/wp-json\/wp\/v2\/product_cat?post=286548"},{"taxonomy":"product_tag","embeddable":true,"href":"https:\/\/pop-co.fr\/index.php\/wp-json\/wp\/v2\/product_tag?post=286548"}],"curies":[{"name":"wp","href":"https:\/\/api.w.org\/{rel}","templated":true}]}}