{"id":287022,"date":"2025-01-24T13:52:06","date_gmt":"2025-01-24T12:52:06","guid":{"rendered":"https:\/\/pop-co.fr\/index.php\/product\/one-piece-brook-figurine-sfc-23cm-2\/"},"modified":"2025-06-28T11:52:28","modified_gmt":"2025-06-28T09:52:28","slug":"one-piece-brook-figurine-sfc-23cm-2","status":"publish","type":"product","link":"https:\/\/pop-co.fr\/index.php\/product\/one-piece-brook-figurine-sfc-23cm-2\/","title":{"rendered":"ONE PIECE &#8211; Brook &#8211; Figurine SFC 23cm"},"content":{"rendered":"<p>Yohohoho, embarquez pour un voyage musical \u00e0 travers le Nouveau Monde avec Brook, le musicien attitr\u00e9 de l&rsquo;\u00e9quipage du Chapeau de Paille ! Transformez votre \u00e9tag\u00e8re en une v\u00e9ritable symphonie avec la l\u00e9g\u00e8ret\u00e9 et l&rsquo;extravagance du Soul King, qui rejoint officiellement la gamme SFC d&rsquo;ABYstyle Studio. Vous n&rsquo;en croirez pas vos yeux&#8230; \u00e0 supposer que vous en ayez ! <\/p>\n<p>&#8211; Figurine en PVC de la gamme SFC<br \/>\n&#8211; Hauteur : 23 cm<br \/>\n&#8211; Echelle : 1\/10\u00e8me<\/p>\n","protected":false},"excerpt":{"rendered":"<p>Yohohoho, embarquez pour un voyage musical \u00e0 travers le Nouveau Monde avec Brook, le musicien attitr\u00e9 de l&rsquo;\u00e9quipage du Chapeau de Paille ! Transformez votre \u00e9tag\u00e8re en une v\u00e9ritable symphonie avec la l\u00e9g\u00e8ret\u00e9 et l&rsquo;extravagance du Soul King, qui rejoint officiellement la gamme SFC d&rsquo;ABYstyle Studio. Vous n&rsquo;en croirez pas vos yeux&#8230; \u00e0 supposer que [&hellip;]<\/p>\n","protected":false},"featured_media":331969,"comment_status":"open","ping_status":"closed","template":"","meta":[],"product_cat":[17,22],"product_tag":[],"aioseo_notices":[],"jetpack_sharing_enabled":true,"_links":{"self":[{"href":"https:\/\/pop-co.fr\/index.php\/wp-json\/wp\/v2\/product\/287022"}],"collection":[{"href":"https:\/\/pop-co.fr\/index.php\/wp-json\/wp\/v2\/product"}],"about":[{"href":"https:\/\/pop-co.fr\/index.php\/wp-json\/wp\/v2\/types\/product"}],"replies":[{"embeddable":true,"href":"https:\/\/pop-co.fr\/index.php\/wp-json\/wp\/v2\/comments?post=287022"}],"version-history":[{"count":0,"href":"https:\/\/pop-co.fr\/index.php\/wp-json\/wp\/v2\/product\/287022\/revisions"}],"wp:featuredmedia":[{"embeddable":true,"href":"https:\/\/pop-co.fr\/index.php\/wp-json\/wp\/v2\/media\/331969"}],"wp:attachment":[{"href":"https:\/\/pop-co.fr\/index.php\/wp-json\/wp\/v2\/media?parent=287022"}],"wp:term":[{"taxonomy":"product_cat","embeddable":true,"href":"https:\/\/pop-co.fr\/index.php\/wp-json\/wp\/v2\/product_cat?post=287022"},{"taxonomy":"product_tag","embeddable":true,"href":"https:\/\/pop-co.fr\/index.php\/wp-json\/wp\/v2\/product_tag?post=287022"}],"curies":[{"name":"wp","href":"https:\/\/api.w.org\/{rel}","templated":true}]}}