{"id":287035,"date":"2025-01-24T13:52:26","date_gmt":"2025-01-24T12:52:26","guid":{"rendered":"https:\/\/pop-co.fr\/index.php\/product\/naruto-pain-figurine-sfc-19cm-2\/"},"modified":"2025-08-07T14:42:29","modified_gmt":"2025-08-07T12:42:29","slug":"naruto-pain-figurine-sfc-19cm-2","status":"publish","type":"product","link":"https:\/\/pop-co.fr\/index.php\/product\/naruto-pain-figurine-sfc-19cm-2\/","title":{"rendered":"NARUTO &#8211; Pain &#8211; Figurine SFC 19cm"},"content":{"rendered":"<p>Pain, le disciple redoutable de Jiraiya, s&rsquo;impose en tant que leader officiel de l&rsquo;Akatsuki dans cette nouvelle figurine de la gamme SFC par ABYstyle Studio ! Anim\u00e9 par une qu\u00eate utopique de paix universelle, il est pr\u00eat \u00e0 tous les sacrifices, quitte \u00e0 plonger le monde dans la souffrance pour le fa\u00e7onner \u00e0 son image. <\/p>\n<p>&#8211; Figurine en PVC de la gamme SFC<br \/>\n&#8211; Hauteur : 19 cm<br \/>\n&#8211; Echelle : 1\/10\u00e8me<\/p>\n","protected":false},"excerpt":{"rendered":"<p>Pain, le disciple redoutable de Jiraiya, s&rsquo;impose en tant que leader officiel de l&rsquo;Akatsuki dans cette nouvelle figurine de la gamme SFC par ABYstyle Studio ! Anim\u00e9 par une qu\u00eate utopique de paix universelle, il est pr\u00eat \u00e0 tous les sacrifices, quitte \u00e0 plonger le monde dans la souffrance pour le fa\u00e7onner \u00e0 son image. [&hellip;]<\/p>\n","protected":false},"featured_media":357138,"comment_status":"open","ping_status":"closed","template":"","meta":[],"product_cat":[17,21],"product_tag":[],"aioseo_notices":[],"jetpack_sharing_enabled":true,"_links":{"self":[{"href":"https:\/\/pop-co.fr\/index.php\/wp-json\/wp\/v2\/product\/287035"}],"collection":[{"href":"https:\/\/pop-co.fr\/index.php\/wp-json\/wp\/v2\/product"}],"about":[{"href":"https:\/\/pop-co.fr\/index.php\/wp-json\/wp\/v2\/types\/product"}],"replies":[{"embeddable":true,"href":"https:\/\/pop-co.fr\/index.php\/wp-json\/wp\/v2\/comments?post=287035"}],"version-history":[{"count":0,"href":"https:\/\/pop-co.fr\/index.php\/wp-json\/wp\/v2\/product\/287035\/revisions"}],"wp:featuredmedia":[{"embeddable":true,"href":"https:\/\/pop-co.fr\/index.php\/wp-json\/wp\/v2\/media\/357138"}],"wp:attachment":[{"href":"https:\/\/pop-co.fr\/index.php\/wp-json\/wp\/v2\/media?parent=287035"}],"wp:term":[{"taxonomy":"product_cat","embeddable":true,"href":"https:\/\/pop-co.fr\/index.php\/wp-json\/wp\/v2\/product_cat?post=287035"},{"taxonomy":"product_tag","embeddable":true,"href":"https:\/\/pop-co.fr\/index.php\/wp-json\/wp\/v2\/product_tag?post=287035"}],"curies":[{"name":"wp","href":"https:\/\/api.w.org\/{rel}","templated":true}]}}