{"id":287044,"date":"2025-01-24T13:52:55","date_gmt":"2025-01-24T12:52:55","guid":{"rendered":"https:\/\/pop-co.fr\/index.php\/product\/assassination-classroom-koro-sensei-raye-figurine-sfc-20cm-2\/"},"modified":"2025-06-28T11:52:23","modified_gmt":"2025-06-28T09:52:23","slug":"assassination-classroom-koro-sensei-raye-figurine-sfc-20cm-2","status":"publish","type":"product","link":"https:\/\/pop-co.fr\/index.php\/product\/assassination-classroom-koro-sensei-raye-figurine-sfc-20cm-2\/","title":{"rendered":"ASSASSINATION CLASSROOM &#8211; Koro sensei ray\u00e9 &#8211; Figurine SFC 20cm"},"content":{"rendered":"<p>Apr\u00e8s avoir d\u00e9truit la Lune, Koro Sensei arrive sur Terre, non seulement pour \u00e9duquer une classe de cancres, mais aussi pour rejoindre la gamme de figurines ABYstyle Studio ! V\u00eatu de son uniforme de professeur, ce malicieux poulpe extraterrestre change de couleur de peau au gr\u00e9 de ses \u00e9motions. Ici en version ray\u00e9e en jaune et vert, qui exprime son ton arrogant et moqueur envers ses \u00e9l\u00e8ves. <\/p>\n<p>&#8211; Figurine en PVC de la gamme SFC<br \/>\n&#8211; Hauteur : 20 cm<\/p>\n","protected":false},"excerpt":{"rendered":"<p>Apr\u00e8s avoir d\u00e9truit la Lune, Koro Sensei arrive sur Terre, non seulement pour \u00e9duquer une classe de cancres, mais aussi pour rejoindre la gamme de figurines ABYstyle Studio ! V\u00eatu de son uniforme de professeur, ce malicieux poulpe extraterrestre change de couleur de peau au gr\u00e9 de ses \u00e9motions. Ici en version ray\u00e9e en jaune [&hellip;]<\/p>\n","protected":false},"featured_media":351890,"comment_status":"open","ping_status":"closed","template":"","meta":[],"product_cat":[17,18],"product_tag":[],"aioseo_notices":[],"jetpack_sharing_enabled":true,"_links":{"self":[{"href":"https:\/\/pop-co.fr\/index.php\/wp-json\/wp\/v2\/product\/287044"}],"collection":[{"href":"https:\/\/pop-co.fr\/index.php\/wp-json\/wp\/v2\/product"}],"about":[{"href":"https:\/\/pop-co.fr\/index.php\/wp-json\/wp\/v2\/types\/product"}],"replies":[{"embeddable":true,"href":"https:\/\/pop-co.fr\/index.php\/wp-json\/wp\/v2\/comments?post=287044"}],"version-history":[{"count":0,"href":"https:\/\/pop-co.fr\/index.php\/wp-json\/wp\/v2\/product\/287044\/revisions"}],"wp:featuredmedia":[{"embeddable":true,"href":"https:\/\/pop-co.fr\/index.php\/wp-json\/wp\/v2\/media\/351890"}],"wp:attachment":[{"href":"https:\/\/pop-co.fr\/index.php\/wp-json\/wp\/v2\/media?parent=287044"}],"wp:term":[{"taxonomy":"product_cat","embeddable":true,"href":"https:\/\/pop-co.fr\/index.php\/wp-json\/wp\/v2\/product_cat?post=287044"},{"taxonomy":"product_tag","embeddable":true,"href":"https:\/\/pop-co.fr\/index.php\/wp-json\/wp\/v2\/product_tag?post=287044"}],"curies":[{"name":"wp","href":"https:\/\/api.w.org\/{rel}","templated":true}]}}