{"id":2878,"date":"2024-02-20T18:16:52","date_gmt":"2024-02-20T17:16:52","guid":{"rendered":"https:\/\/pop-co.fr\/index.php\/product\/portefeuille-loungefly-disney-stitch-velour\/"},"modified":"2025-07-08T15:56:04","modified_gmt":"2025-07-08T13:56:04","slug":"portefeuille-loungefly-disney-stitch-velour","status":"publish","type":"product","link":"https:\/\/pop-co.fr\/index.php\/product\/portefeuille-loungefly-disney-stitch-velour\/","title":{"rendered":"PORTEFEUILLE LOUNGEFLY &#8211; DISNEY &#8211; Stitch velour"},"content":{"rendered":"<p>Besoin de s&rsquo;\u00e9vader ? Notre portefeuille Loungefly Disney Stitch Plush Bifold Wallet est le complice id\u00e9al ! L&rsquo;ext\u00e9rieur de ce portefeuille est recouvert d&rsquo;un doux tissu sherpa bleu. Sur le devant, le visage de Stitch appara\u00eet, anim\u00e9 par des d\u00e9tails brod\u00e9s. Ses oreilles en applique d\u00e9passent des c\u00f4t\u00e9s du portefeuille. La fermeture, situ\u00e9e juste sous son nez, s&rsquo;ouvre pour r\u00e9v\u00e9ler environ six fentes pour les cartes et une fente transparente pour une pi\u00e8ce d&rsquo;identit\u00e9. Une plan\u00e8te d\u00e9coup\u00e9e \u00e0 l&#8217;emporte-pi\u00e8ce ajoute une touche de signature. Embarquez pour vos voyages avec style gr\u00e2ce \u00e0 cet accessoire amusant.<\/p>\n<p>Le portefeuille Loungefly Disney Stitch Plush Bifold Wallet est fabriqu\u00e9 en cuir v\u00e9g\u00e9talien (polyur\u00e9thane) et en sherpa. Le portefeuille se ferme \u00e0 l&rsquo;aide d&rsquo;une fermeture \u00e0 glissi\u00e8re en m\u00e9tal de couleur argent\u00e9e. Les autres caract\u00e9ristiques comprennent des d\u00e9tails appliqu\u00e9s, brod\u00e9s et imprim\u00e9s. La doublure int\u00e9rieure est coordonn\u00e9e.<\/p>\n<p>Ce portefeuille est un produit Disney sous licence officielle.<\/p>\n","protected":false},"excerpt":{"rendered":"<p>Besoin de s&rsquo;\u00e9vader ? Notre portefeuille Loungefly Disney Stitch Plush Bifold Wallet est le complice id\u00e9al ! L&rsquo;ext\u00e9rieur de ce portefeuille est recouvert d&rsquo;un doux tissu sherpa bleu. Sur le devant, le visage de Stitch appara\u00eet, anim\u00e9 par des d\u00e9tails brod\u00e9s. Ses oreilles en applique d\u00e9passent des c\u00f4t\u00e9s du portefeuille. La fermeture, situ\u00e9e juste sous [&hellip;]<\/p>\n","protected":false},"featured_media":353924,"comment_status":"open","ping_status":"closed","template":"","meta":[],"product_cat":[47,48],"product_tag":[],"aioseo_notices":[],"jetpack_sharing_enabled":true,"_links":{"self":[{"href":"https:\/\/pop-co.fr\/index.php\/wp-json\/wp\/v2\/product\/2878"}],"collection":[{"href":"https:\/\/pop-co.fr\/index.php\/wp-json\/wp\/v2\/product"}],"about":[{"href":"https:\/\/pop-co.fr\/index.php\/wp-json\/wp\/v2\/types\/product"}],"replies":[{"embeddable":true,"href":"https:\/\/pop-co.fr\/index.php\/wp-json\/wp\/v2\/comments?post=2878"}],"version-history":[{"count":0,"href":"https:\/\/pop-co.fr\/index.php\/wp-json\/wp\/v2\/product\/2878\/revisions"}],"wp:featuredmedia":[{"embeddable":true,"href":"https:\/\/pop-co.fr\/index.php\/wp-json\/wp\/v2\/media\/353924"}],"wp:attachment":[{"href":"https:\/\/pop-co.fr\/index.php\/wp-json\/wp\/v2\/media?parent=2878"}],"wp:term":[{"taxonomy":"product_cat","embeddable":true,"href":"https:\/\/pop-co.fr\/index.php\/wp-json\/wp\/v2\/product_cat?post=2878"},{"taxonomy":"product_tag","embeddable":true,"href":"https:\/\/pop-co.fr\/index.php\/wp-json\/wp\/v2\/product_tag?post=2878"}],"curies":[{"name":"wp","href":"https:\/\/api.w.org\/{rel}","templated":true}]}}