{"id":2906,"date":"2024-02-20T18:17:23","date_gmt":"2024-02-20T17:17:23","guid":{"rendered":"https:\/\/pop-co.fr\/index.php\/product\/one-piece-wanokuni-onigashima-9-figurine-wcf\/"},"modified":"2025-07-29T11:17:38","modified_gmt":"2025-07-29T09:17:38","slug":"one-piece-wanokuni-onigashima-9-figurine-wcf","status":"publish","type":"product","link":"https:\/\/pop-co.fr\/index.php\/product\/one-piece-wanokuni-onigashima-9-figurine-wcf\/","title":{"rendered":"ONE PIECE &#8211; Wanokuni Onigashima 9 &#8211; Figurine WCF"},"content":{"rendered":"<p>*ATTENTION PRODUIT AL\u00c9ATOIRE NE POUVANT \u00caTRE RETOURN\u00c9*<br \/>\nx1 Figurine PVC 7cm<\/p>\n","protected":false},"excerpt":{"rendered":"<p>*ATTENTION PRODUIT AL\u00c9ATOIRE NE POUVANT \u00caTRE RETOURN\u00c9* x1 Figurine PVC 7cm<\/p>\n","protected":false},"featured_media":356232,"comment_status":"open","ping_status":"closed","template":"","meta":[],"product_cat":[17,22],"product_tag":[],"aioseo_notices":[],"jetpack_sharing_enabled":true,"_links":{"self":[{"href":"https:\/\/pop-co.fr\/index.php\/wp-json\/wp\/v2\/product\/2906"}],"collection":[{"href":"https:\/\/pop-co.fr\/index.php\/wp-json\/wp\/v2\/product"}],"about":[{"href":"https:\/\/pop-co.fr\/index.php\/wp-json\/wp\/v2\/types\/product"}],"replies":[{"embeddable":true,"href":"https:\/\/pop-co.fr\/index.php\/wp-json\/wp\/v2\/comments?post=2906"}],"version-history":[{"count":0,"href":"https:\/\/pop-co.fr\/index.php\/wp-json\/wp\/v2\/product\/2906\/revisions"}],"wp:featuredmedia":[{"embeddable":true,"href":"https:\/\/pop-co.fr\/index.php\/wp-json\/wp\/v2\/media\/356232"}],"wp:attachment":[{"href":"https:\/\/pop-co.fr\/index.php\/wp-json\/wp\/v2\/media?parent=2906"}],"wp:term":[{"taxonomy":"product_cat","embeddable":true,"href":"https:\/\/pop-co.fr\/index.php\/wp-json\/wp\/v2\/product_cat?post=2906"},{"taxonomy":"product_tag","embeddable":true,"href":"https:\/\/pop-co.fr\/index.php\/wp-json\/wp\/v2\/product_tag?post=2906"}],"curies":[{"name":"wp","href":"https:\/\/api.w.org\/{rel}","templated":true}]}}