{"id":291369,"date":"2025-01-29T11:11:09","date_gmt":"2025-01-29T10:11:09","guid":{"rendered":"https:\/\/pop-co.fr\/index.php\/product\/pokemon-old-castle-ruins-figurine-mystere-rement\/"},"modified":"2025-09-17T12:22:41","modified_gmt":"2025-09-17T10:22:41","slug":"pokemon-old-castle-ruins-figurine-mystere-rement","status":"publish","type":"product","link":"https:\/\/pop-co.fr\/index.php\/product\/pokemon-old-castle-ruins-figurine-mystere-rement\/","title":{"rendered":"POKEMON &#8211; Old castle ruins &#8211; Figurine myst\u00e8re rement"},"content":{"rendered":"<p>*ATTENTION PRODUIT AL\u00c9ATOIRE NE POUVANT \u00caTRE RETOURN\u00c9*rnrnFigurine PVC taille 5-7 cm, en emballages bo\u00eete-myst\u00e8re.<\/p>\n","protected":false},"excerpt":{"rendered":"<p>*ATTENTION PRODUIT AL\u00c9ATOIRE NE POUVANT \u00caTRE RETOURN\u00c9*rnrnFigurine PVC taille 5-7 cm, en emballages bo\u00eete-myst\u00e8re.<\/p>\n","protected":false},"featured_media":358669,"comment_status":"open","ping_status":"closed","template":"","meta":[],"product_cat":[34,20],"product_tag":[],"aioseo_notices":[],"jetpack_sharing_enabled":true,"_links":{"self":[{"href":"https:\/\/pop-co.fr\/index.php\/wp-json\/wp\/v2\/product\/291369"}],"collection":[{"href":"https:\/\/pop-co.fr\/index.php\/wp-json\/wp\/v2\/product"}],"about":[{"href":"https:\/\/pop-co.fr\/index.php\/wp-json\/wp\/v2\/types\/product"}],"replies":[{"embeddable":true,"href":"https:\/\/pop-co.fr\/index.php\/wp-json\/wp\/v2\/comments?post=291369"}],"version-history":[{"count":0,"href":"https:\/\/pop-co.fr\/index.php\/wp-json\/wp\/v2\/product\/291369\/revisions"}],"wp:featuredmedia":[{"embeddable":true,"href":"https:\/\/pop-co.fr\/index.php\/wp-json\/wp\/v2\/media\/358669"}],"wp:attachment":[{"href":"https:\/\/pop-co.fr\/index.php\/wp-json\/wp\/v2\/media?parent=291369"}],"wp:term":[{"taxonomy":"product_cat","embeddable":true,"href":"https:\/\/pop-co.fr\/index.php\/wp-json\/wp\/v2\/product_cat?post=291369"},{"taxonomy":"product_tag","embeddable":true,"href":"https:\/\/pop-co.fr\/index.php\/wp-json\/wp\/v2\/product_tag?post=291369"}],"curies":[{"name":"wp","href":"https:\/\/api.w.org\/{rel}","templated":true}]}}