{"id":293750,"date":"2025-01-29T11:50:16","date_gmt":"2025-01-29T10:50:16","guid":{"rendered":"https:\/\/pop-co.fr\/index.php\/product\/pins-mystere-disney-non-anniversaire-alice-au-pays-des-merveilles-2\/"},"modified":"2025-03-08T10:25:30","modified_gmt":"2025-03-08T09:25:30","slug":"pins-mystere-disney-non-anniversaire-alice-au-pays-des-merveilles-2","status":"publish","type":"product","link":"https:\/\/pop-co.fr\/index.php\/product\/pins-mystere-disney-non-anniversaire-alice-au-pays-des-merveilles-2\/","title":{"rendered":"PIN&rsquo;S MYSTERE &#8211; DISNEY &#8211; Non Anniversaire (Alice au pays des merveilles)"},"content":{"rendered":"<p>*ATTENTION PRODUIT AL\u00c9ATOIRE NE POUVANT \u00caTRE RETOURN\u00c9*<\/p>\n<p>X1 Badge en m\u00e9tal \u00e9maill\u00e9 taille env. 4 cm, en emballage bo\u00eete-myst\u00e8re.<\/p>\n<p>La table du non-anniversaire est dress\u00e9e ! Arrivez \u00e0 la f\u00eate avec style gr\u00e2ce \u00e0 nos \u00e9pinglettes Loungefly Disney Alice in Wonderland Unbirthday Mystery Box Pins. Ces \u00e9pingles en \u00e9mail repr\u00e9sentent un personnage diff\u00e9rent de Disney, notamment le lapin blanc avec sa montre \u00e0 gousset, le chat du Cheshire, le loir avec son parapluie, une th\u00e9i\u00e8re \u00e0 trois becs versant du th\u00e9 et le chapelier fou versant du th\u00e9. Les \u00e9pingles sont vendues \u00e0 l&rsquo;unit\u00e9 et dans une bo\u00eete myst\u00e8re. Il y a une chance sur douze que vous trouviez la chasse aux paillettes d&rsquo;Alice de Disney. Collectionnez-les toutes et comm\u00e9morez avec style votre non-anniversaire.Chaque \u00e9pingle en \u00e9mail mesure environ 3,8 cm et est orn\u00e9e d&rsquo;un m\u00e9tal dor\u00e9 brillant et de la couronne Loungefly\/Funko en relief.Ces pin&rsquo;s sont des produits Disney sous licence officielle.<\/p>\n","protected":false},"excerpt":{"rendered":"<p>*ATTENTION PRODUIT AL\u00c9ATOIRE NE POUVANT \u00caTRE RETOURN\u00c9* X1 Badge en m\u00e9tal \u00e9maill\u00e9 taille env. 4 cm, en emballage bo\u00eete-myst\u00e8re. La table du non-anniversaire est dress\u00e9e ! Arrivez \u00e0 la f\u00eate avec style gr\u00e2ce \u00e0 nos \u00e9pinglettes Loungefly Disney Alice in Wonderland Unbirthday Mystery Box Pins. Ces \u00e9pingles en \u00e9mail repr\u00e9sentent un personnage diff\u00e9rent de Disney, [&hellip;]<\/p>\n","protected":false},"featured_media":325308,"comment_status":"open","ping_status":"closed","template":"","meta":[],"product_cat":[29],"product_tag":[],"aioseo_notices":[],"jetpack_sharing_enabled":true,"_links":{"self":[{"href":"https:\/\/pop-co.fr\/index.php\/wp-json\/wp\/v2\/product\/293750"}],"collection":[{"href":"https:\/\/pop-co.fr\/index.php\/wp-json\/wp\/v2\/product"}],"about":[{"href":"https:\/\/pop-co.fr\/index.php\/wp-json\/wp\/v2\/types\/product"}],"replies":[{"embeddable":true,"href":"https:\/\/pop-co.fr\/index.php\/wp-json\/wp\/v2\/comments?post=293750"}],"version-history":[{"count":0,"href":"https:\/\/pop-co.fr\/index.php\/wp-json\/wp\/v2\/product\/293750\/revisions"}],"wp:featuredmedia":[{"embeddable":true,"href":"https:\/\/pop-co.fr\/index.php\/wp-json\/wp\/v2\/media\/325308"}],"wp:attachment":[{"href":"https:\/\/pop-co.fr\/index.php\/wp-json\/wp\/v2\/media?parent=293750"}],"wp:term":[{"taxonomy":"product_cat","embeddable":true,"href":"https:\/\/pop-co.fr\/index.php\/wp-json\/wp\/v2\/product_cat?post=293750"},{"taxonomy":"product_tag","embeddable":true,"href":"https:\/\/pop-co.fr\/index.php\/wp-json\/wp\/v2\/product_tag?post=293750"}],"curies":[{"name":"wp","href":"https:\/\/api.w.org\/{rel}","templated":true}]}}