{"id":294711,"date":"2025-01-29T12:05:40","date_gmt":"2025-01-29T11:05:40","guid":{"rendered":"https:\/\/pop-co.fr\/index.php\/product\/pins-mystere-yu-gi-oh-personnages-pop\/"},"modified":"2025-09-13T14:00:39","modified_gmt":"2025-09-13T12:00:39","slug":"pins-mystere-yu-gi-oh-personnages-pop","status":"publish","type":"product","link":"https:\/\/pop-co.fr\/index.php\/product\/pins-mystere-yu-gi-oh-personnages-pop\/","title":{"rendered":"PIN&rsquo;S MYSTERE &#8211; YU GI OH &#8211; Personnages Pop"},"content":{"rendered":"<p>*ATTENTION PRODUIT AL\u00c9ATOIRE NE POUVANT \u00caTRE RETOURN\u00c9<br \/>\nX1 Badge en m\u00e9tal \u00e9maill\u00e9 taille env. 4 cm, en emballage bo\u00eete-myst\u00e8re.<\/p>\n","protected":false},"excerpt":{"rendered":"<p>*ATTENTION PRODUIT AL\u00c9ATOIRE NE POUVANT \u00caTRE RETOURN\u00c9 X1 Badge en m\u00e9tal \u00e9maill\u00e9 taille env. 4 cm, en emballage bo\u00eete-myst\u00e8re.<\/p>\n","protected":false},"featured_media":358452,"comment_status":"open","ping_status":"closed","template":"","meta":[],"product_cat":[18,17],"product_tag":[],"aioseo_notices":[],"jetpack_sharing_enabled":true,"_links":{"self":[{"href":"https:\/\/pop-co.fr\/index.php\/wp-json\/wp\/v2\/product\/294711"}],"collection":[{"href":"https:\/\/pop-co.fr\/index.php\/wp-json\/wp\/v2\/product"}],"about":[{"href":"https:\/\/pop-co.fr\/index.php\/wp-json\/wp\/v2\/types\/product"}],"replies":[{"embeddable":true,"href":"https:\/\/pop-co.fr\/index.php\/wp-json\/wp\/v2\/comments?post=294711"}],"version-history":[{"count":0,"href":"https:\/\/pop-co.fr\/index.php\/wp-json\/wp\/v2\/product\/294711\/revisions"}],"wp:featuredmedia":[{"embeddable":true,"href":"https:\/\/pop-co.fr\/index.php\/wp-json\/wp\/v2\/media\/358452"}],"wp:attachment":[{"href":"https:\/\/pop-co.fr\/index.php\/wp-json\/wp\/v2\/media?parent=294711"}],"wp:term":[{"taxonomy":"product_cat","embeddable":true,"href":"https:\/\/pop-co.fr\/index.php\/wp-json\/wp\/v2\/product_cat?post=294711"},{"taxonomy":"product_tag","embeddable":true,"href":"https:\/\/pop-co.fr\/index.php\/wp-json\/wp\/v2\/product_tag?post=294711"}],"curies":[{"name":"wp","href":"https:\/\/api.w.org\/{rel}","templated":true}]}}