{"id":2954,"date":"2024-02-20T18:18:12","date_gmt":"2024-02-20T17:18:12","guid":{"rendered":"https:\/\/pop-co.fr\/index.php\/product\/mha-dabi-crematorium-figurine-20cm\/"},"modified":"2024-02-20T18:18:12","modified_gmt":"2024-02-20T17:18:12","slug":"mha-dabi-crematorium-figurine-20cm","status":"publish","type":"product","link":"https:\/\/pop-co.fr\/index.php\/product\/mha-dabi-crematorium-figurine-20cm\/","title":{"rendered":"MHA &#8211; Dabi (crematorium) &#8211; Figurine 20cm"},"content":{"rendered":"<p>Dabi est l&rsquo;un des antagonistes principaux de My Hero Academia.<br \/>\nIl est l&rsquo;un des neuf lieutenants de Tomura Shigaraki.<br \/>\nMy Hero Academia est un manga Shonen \u00e9crit par Kohei Horikoshi, l&rsquo;\u0153uvre comprend 37 tomes et est \u00e9crit depuis 2014<\/p>\n","protected":false},"excerpt":{"rendered":"<p>Dabi est l&rsquo;un des antagonistes principaux de My Hero Academia. Il est l&rsquo;un des neuf lieutenants de Tomura Shigaraki. My Hero Academia est un manga Shonen \u00e9crit par Kohei Horikoshi, l&rsquo;\u0153uvre comprend 37 tomes et est \u00e9crit depuis 2014<\/p>\n","protected":false},"featured_media":2950,"comment_status":"open","ping_status":"closed","template":"","meta":[],"product_cat":[17,26],"product_tag":[],"aioseo_notices":[],"jetpack_sharing_enabled":true,"_links":{"self":[{"href":"https:\/\/pop-co.fr\/index.php\/wp-json\/wp\/v2\/product\/2954"}],"collection":[{"href":"https:\/\/pop-co.fr\/index.php\/wp-json\/wp\/v2\/product"}],"about":[{"href":"https:\/\/pop-co.fr\/index.php\/wp-json\/wp\/v2\/types\/product"}],"replies":[{"embeddable":true,"href":"https:\/\/pop-co.fr\/index.php\/wp-json\/wp\/v2\/comments?post=2954"}],"version-history":[{"count":0,"href":"https:\/\/pop-co.fr\/index.php\/wp-json\/wp\/v2\/product\/2954\/revisions"}],"wp:featuredmedia":[{"embeddable":true,"href":"https:\/\/pop-co.fr\/index.php\/wp-json\/wp\/v2\/media\/2950"}],"wp:attachment":[{"href":"https:\/\/pop-co.fr\/index.php\/wp-json\/wp\/v2\/media?parent=2954"}],"wp:term":[{"taxonomy":"product_cat","embeddable":true,"href":"https:\/\/pop-co.fr\/index.php\/wp-json\/wp\/v2\/product_cat?post=2954"},{"taxonomy":"product_tag","embeddable":true,"href":"https:\/\/pop-co.fr\/index.php\/wp-json\/wp\/v2\/product_tag?post=2954"}],"curies":[{"name":"wp","href":"https:\/\/api.w.org\/{rel}","templated":true}]}}