{"id":2964,"date":"2024-02-20T18:18:22","date_gmt":"2024-02-20T17:18:22","guid":{"rendered":"https:\/\/pop-co.fr\/index.php\/product\/jujutsu-kaisen-suguru-geto-figurine-17cm\/"},"modified":"2025-07-29T11:17:24","modified_gmt":"2025-07-29T09:17:24","slug":"jujutsu-kaisen-suguru-geto-figurine-17cm","status":"publish","type":"product","link":"https:\/\/pop-co.fr\/index.php\/product\/jujutsu-kaisen-suguru-geto-figurine-17cm\/","title":{"rendered":"JUJUTSU KAISEN &#8211; Suguru Geto &#8211; Figurine 17cm"},"content":{"rendered":"<p>Figurine 17cm<br \/>\nComposition : PVC<\/p>\n<p>Banpresto vous pr\u00e9sente cette figurine de la s\u00e9rie Jukon No Kata de Suguru Geto du manga\/anime Jujutsu Kaisen .<br \/>\nAncien exorciste de classe S qui \u00e9tait un ami de Satoru Gojo et Shoko Ieiri, son point de vue sur le monde de l&rsquo;exorcisme changea \u00e0 la suite de divers \u00e9v\u00e8nements.<br \/>\nDevenu un maitre des Fl\u00e9aux, il est devenu un des antagonistes principaux de la s\u00e9rie.<br \/>\nJujutsu Kaisen est un manga shonen \u00e9crit par Gege Akutami depuis 2017.<\/p>\n","protected":false},"excerpt":{"rendered":"<p>Figurine 17cm Composition : PVC Banpresto vous pr\u00e9sente cette figurine de la s\u00e9rie Jukon No Kata de Suguru Geto du manga\/anime Jujutsu Kaisen . Ancien exorciste de classe S qui \u00e9tait un ami de Satoru Gojo et Shoko Ieiri, son point de vue sur le monde de l&rsquo;exorcisme changea \u00e0 la suite de divers \u00e9v\u00e8nements. [&hellip;]<\/p>\n","protected":false},"featured_media":356223,"comment_status":"open","ping_status":"closed","template":"","meta":[],"product_cat":[28,17],"product_tag":[],"aioseo_notices":[],"jetpack_sharing_enabled":true,"_links":{"self":[{"href":"https:\/\/pop-co.fr\/index.php\/wp-json\/wp\/v2\/product\/2964"}],"collection":[{"href":"https:\/\/pop-co.fr\/index.php\/wp-json\/wp\/v2\/product"}],"about":[{"href":"https:\/\/pop-co.fr\/index.php\/wp-json\/wp\/v2\/types\/product"}],"replies":[{"embeddable":true,"href":"https:\/\/pop-co.fr\/index.php\/wp-json\/wp\/v2\/comments?post=2964"}],"version-history":[{"count":0,"href":"https:\/\/pop-co.fr\/index.php\/wp-json\/wp\/v2\/product\/2964\/revisions"}],"wp:featuredmedia":[{"embeddable":true,"href":"https:\/\/pop-co.fr\/index.php\/wp-json\/wp\/v2\/media\/356223"}],"wp:attachment":[{"href":"https:\/\/pop-co.fr\/index.php\/wp-json\/wp\/v2\/media?parent=2964"}],"wp:term":[{"taxonomy":"product_cat","embeddable":true,"href":"https:\/\/pop-co.fr\/index.php\/wp-json\/wp\/v2\/product_cat?post=2964"},{"taxonomy":"product_tag","embeddable":true,"href":"https:\/\/pop-co.fr\/index.php\/wp-json\/wp\/v2\/product_tag?post=2964"}],"curies":[{"name":"wp","href":"https:\/\/api.w.org\/{rel}","templated":true}]}}