{"id":2976,"date":"2024-02-20T18:18:34","date_gmt":"2024-02-20T17:18:34","guid":{"rendered":"https:\/\/pop-co.fr\/index.php\/product\/demon-slayer-hantengu-figurine-5cm\/"},"modified":"2025-07-29T11:17:07","modified_gmt":"2025-07-29T09:17:07","slug":"demon-slayer-hantengu-figurine-5cm","status":"publish","type":"product","link":"https:\/\/pop-co.fr\/index.php\/product\/demon-slayer-hantengu-figurine-5cm\/","title":{"rendered":"DEMON SLAYER &#8211; Hantengu &#8211; Figurine 5cm"},"content":{"rendered":"<p>Figurine Demon Series 5cm<br \/>\nComposition : PVC<\/p>\n<p>Hantengu est un d\u00e9mon qui fait partie des douzes lunes d\u00e9moniaques, il est la quatri\u00e8me lune sup\u00e9rieure.<br \/>\nIl est un antagoniste de l&rsquo;arc \u00ab\u00a0Village des Forgerons\u00a0\u00bb.<br \/>\nDemon Slayer est un manga Shonen \u00e9crit par Koyoharu Gotoge de 2016 \u00e0 2020.<br \/>\nLe manga comprend 23 tomes.<\/p>\n","protected":false},"excerpt":{"rendered":"<p>Figurine Demon Series 5cm Composition : PVC Hantengu est un d\u00e9mon qui fait partie des douzes lunes d\u00e9moniaques, il est la quatri\u00e8me lune sup\u00e9rieure. Il est un antagoniste de l&rsquo;arc \u00ab\u00a0Village des Forgerons\u00a0\u00bb. Demon Slayer est un manga Shonen \u00e9crit par Koyoharu Gotoge de 2016 \u00e0 2020. Le manga comprend 23 tomes.<\/p>\n","protected":false},"featured_media":356218,"comment_status":"open","ping_status":"closed","template":"","meta":[],"product_cat":[17,24],"product_tag":[],"aioseo_notices":[],"jetpack_sharing_enabled":true,"_links":{"self":[{"href":"https:\/\/pop-co.fr\/index.php\/wp-json\/wp\/v2\/product\/2976"}],"collection":[{"href":"https:\/\/pop-co.fr\/index.php\/wp-json\/wp\/v2\/product"}],"about":[{"href":"https:\/\/pop-co.fr\/index.php\/wp-json\/wp\/v2\/types\/product"}],"replies":[{"embeddable":true,"href":"https:\/\/pop-co.fr\/index.php\/wp-json\/wp\/v2\/comments?post=2976"}],"version-history":[{"count":0,"href":"https:\/\/pop-co.fr\/index.php\/wp-json\/wp\/v2\/product\/2976\/revisions"}],"wp:featuredmedia":[{"embeddable":true,"href":"https:\/\/pop-co.fr\/index.php\/wp-json\/wp\/v2\/media\/356218"}],"wp:attachment":[{"href":"https:\/\/pop-co.fr\/index.php\/wp-json\/wp\/v2\/media?parent=2976"}],"wp:term":[{"taxonomy":"product_cat","embeddable":true,"href":"https:\/\/pop-co.fr\/index.php\/wp-json\/wp\/v2\/product_cat?post=2976"},{"taxonomy":"product_tag","embeddable":true,"href":"https:\/\/pop-co.fr\/index.php\/wp-json\/wp\/v2\/product_tag?post=2976"}],"curies":[{"name":"wp","href":"https:\/\/api.w.org\/{rel}","templated":true}]}}