{"id":298017,"date":"2025-01-30T10:37:14","date_gmt":"2025-01-30T09:37:14","guid":{"rendered":"https:\/\/pop-co.fr\/index.php\/product\/q-posket-tom-et-jerry-tom-batman\/"},"modified":"2025-02-13T14:20:49","modified_gmt":"2025-02-13T13:20:49","slug":"q-posket-tom-et-jerry-tom-batman","status":"publish","type":"product","link":"https:\/\/pop-co.fr\/index.php\/product\/q-posket-tom-et-jerry-tom-batman\/","title":{"rendered":"Q POSKET &#8211; TOM ET JERRY &#8211; Tom en batman"},"content":{"rendered":"<p>C\u00e9l\u00e9brant le 100e anniversaire de Warner Brothers, ils cosplayent des personnages c\u00e9l\u00e8bres de la franchise ! Cette fois, Tom se d\u00e9guise en Batman<\/p>\n","protected":false},"excerpt":{"rendered":"<p>C\u00e9l\u00e9brant le 100e anniversaire de Warner Brothers, ils cosplayent des personnages c\u00e9l\u00e8bres de la franchise ! Cette fois, Tom se d\u00e9guise en Batman<\/p>\n","protected":false},"featured_media":0,"comment_status":"open","ping_status":"closed","template":"","meta":[],"product_cat":[17,18],"product_tag":[],"aioseo_notices":[],"jetpack_sharing_enabled":true,"_links":{"self":[{"href":"https:\/\/pop-co.fr\/index.php\/wp-json\/wp\/v2\/product\/298017"}],"collection":[{"href":"https:\/\/pop-co.fr\/index.php\/wp-json\/wp\/v2\/product"}],"about":[{"href":"https:\/\/pop-co.fr\/index.php\/wp-json\/wp\/v2\/types\/product"}],"replies":[{"embeddable":true,"href":"https:\/\/pop-co.fr\/index.php\/wp-json\/wp\/v2\/comments?post=298017"}],"version-history":[{"count":0,"href":"https:\/\/pop-co.fr\/index.php\/wp-json\/wp\/v2\/product\/298017\/revisions"}],"wp:attachment":[{"href":"https:\/\/pop-co.fr\/index.php\/wp-json\/wp\/v2\/media?parent=298017"}],"wp:term":[{"taxonomy":"product_cat","embeddable":true,"href":"https:\/\/pop-co.fr\/index.php\/wp-json\/wp\/v2\/product_cat?post=298017"},{"taxonomy":"product_tag","embeddable":true,"href":"https:\/\/pop-co.fr\/index.php\/wp-json\/wp\/v2\/product_tag?post=298017"}],"curies":[{"name":"wp","href":"https:\/\/api.w.org\/{rel}","templated":true}]}}