{"id":3005,"date":"2024-02-20T18:19:05","date_gmt":"2024-02-20T17:19:05","guid":{"rendered":"https:\/\/pop-co.fr\/index.php\/product\/hunter-x-hunter-gon-figurine-11cm\/"},"modified":"2025-06-28T13:26:42","modified_gmt":"2025-06-28T11:26:42","slug":"hunter-x-hunter-gon-figurine-11cm","status":"publish","type":"product","link":"https:\/\/pop-co.fr\/index.php\/product\/hunter-x-hunter-gon-figurine-11cm\/","title":{"rendered":"HUNTER X HUNTER &#8211; Gon Freecss &#8211; Figurine 11cm"},"content":{"rendered":"<p>Banpresto vous pr\u00e9sente une figurine de la s\u00e9rie Vibration Stars de Gon, l&rsquo;un des personnages principaux de Hunter X Hunter.<br \/>\nFils du c\u00e9l\u00e8bre Hunter Jin Freecss, il d\u00e9cide de devenir Hunter pour le retrouver.<br \/>\nHunter X Hunter est un manga shonen \u00e9crit par Yoshihiro Togashi depuis 1998.<\/p>\n","protected":false},"excerpt":{"rendered":"<p>Banpresto vous pr\u00e9sente une figurine de la s\u00e9rie Vibration Stars de Gon, l&rsquo;un des personnages principaux de Hunter X Hunter. Fils du c\u00e9l\u00e8bre Hunter Jin Freecss, il d\u00e9cide de devenir Hunter pour le retrouver. Hunter X Hunter est un manga shonen \u00e9crit par Yoshihiro Togashi depuis 1998.<\/p>\n","protected":false},"featured_media":286322,"comment_status":"open","ping_status":"closed","template":"","meta":[],"product_cat":[17,62],"product_tag":[],"aioseo_notices":[],"jetpack_sharing_enabled":true,"_links":{"self":[{"href":"https:\/\/pop-co.fr\/index.php\/wp-json\/wp\/v2\/product\/3005"}],"collection":[{"href":"https:\/\/pop-co.fr\/index.php\/wp-json\/wp\/v2\/product"}],"about":[{"href":"https:\/\/pop-co.fr\/index.php\/wp-json\/wp\/v2\/types\/product"}],"replies":[{"embeddable":true,"href":"https:\/\/pop-co.fr\/index.php\/wp-json\/wp\/v2\/comments?post=3005"}],"version-history":[{"count":0,"href":"https:\/\/pop-co.fr\/index.php\/wp-json\/wp\/v2\/product\/3005\/revisions"}],"wp:featuredmedia":[{"embeddable":true,"href":"https:\/\/pop-co.fr\/index.php\/wp-json\/wp\/v2\/media\/286322"}],"wp:attachment":[{"href":"https:\/\/pop-co.fr\/index.php\/wp-json\/wp\/v2\/media?parent=3005"}],"wp:term":[{"taxonomy":"product_cat","embeddable":true,"href":"https:\/\/pop-co.fr\/index.php\/wp-json\/wp\/v2\/product_cat?post=3005"},{"taxonomy":"product_tag","embeddable":true,"href":"https:\/\/pop-co.fr\/index.php\/wp-json\/wp\/v2\/product_tag?post=3005"}],"curies":[{"name":"wp","href":"https:\/\/api.w.org\/{rel}","templated":true}]}}