{"id":301052,"date":"2025-02-01T11:02:40","date_gmt":"2025-02-01T10:02:40","guid":{"rendered":"https:\/\/pop-co.fr\/index.php\/product\/coffret-fnaf-tete-sonore-freddy\/"},"modified":"2025-12-10T15:29:50","modified_gmt":"2025-12-10T14:29:50","slug":"coffret-fnaf-tete-sonore-freddy","status":"publish","type":"product","link":"https:\/\/pop-co.fr\/index.php\/product\/coffret-fnaf-tete-sonore-freddy\/","title":{"rendered":"COFFRET &#8211; FNAF &#8211; T\u00eate sonore Freddy"},"content":{"rendered":"<p>Avec le bundle Freddy Alive du jeu \u00e0 succ\u00e8s Five Nights at Freddy&rsquo;s, tu re\u00e7ois un bundle de t\u00eate \u00e9lectronique avec de superbes caract\u00e9ristiques light &amp; sound. Chaque bundle contient trois figurines en peluche FNAF d&rsquo;environ 17,5 cm, deux microfigurines, des cartes \u00e0 collectionner, une feuille d&rsquo;autocollants et un poster \u00e0 collectionner. (Fonction Try Me incluse)<\/p>\n","protected":false},"excerpt":{"rendered":"<p>Avec le bundle Freddy Alive du jeu \u00e0 succ\u00e8s Five Nights at Freddy&rsquo;s, tu re\u00e7ois un bundle de t\u00eate \u00e9lectronique avec de superbes caract\u00e9ristiques light &amp; sound. Chaque bundle contient trois figurines en peluche FNAF d&rsquo;environ 17,5 cm, deux microfigurines, des cartes \u00e0 collectionner, une feuille d&rsquo;autocollants et un poster \u00e0 collectionner. (Fonction Try Me [&hellip;]<\/p>\n","protected":false},"featured_media":359000,"comment_status":"open","ping_status":"closed","template":"","meta":[],"product_cat":[38,34],"product_tag":[],"aioseo_notices":[],"jetpack_sharing_enabled":true,"_links":{"self":[{"href":"https:\/\/pop-co.fr\/index.php\/wp-json\/wp\/v2\/product\/301052"}],"collection":[{"href":"https:\/\/pop-co.fr\/index.php\/wp-json\/wp\/v2\/product"}],"about":[{"href":"https:\/\/pop-co.fr\/index.php\/wp-json\/wp\/v2\/types\/product"}],"replies":[{"embeddable":true,"href":"https:\/\/pop-co.fr\/index.php\/wp-json\/wp\/v2\/comments?post=301052"}],"version-history":[{"count":1,"href":"https:\/\/pop-co.fr\/index.php\/wp-json\/wp\/v2\/product\/301052\/revisions"}],"predecessor-version":[{"id":358945,"href":"https:\/\/pop-co.fr\/index.php\/wp-json\/wp\/v2\/product\/301052\/revisions\/358945"}],"wp:featuredmedia":[{"embeddable":true,"href":"https:\/\/pop-co.fr\/index.php\/wp-json\/wp\/v2\/media\/359000"}],"wp:attachment":[{"href":"https:\/\/pop-co.fr\/index.php\/wp-json\/wp\/v2\/media?parent=301052"}],"wp:term":[{"taxonomy":"product_cat","embeddable":true,"href":"https:\/\/pop-co.fr\/index.php\/wp-json\/wp\/v2\/product_cat?post=301052"},{"taxonomy":"product_tag","embeddable":true,"href":"https:\/\/pop-co.fr\/index.php\/wp-json\/wp\/v2\/product_tag?post=301052"}],"curies":[{"name":"wp","href":"https:\/\/api.w.org\/{rel}","templated":true}]}}