{"id":3033,"date":"2024-02-20T18:19:34","date_gmt":"2024-02-20T17:19:34","guid":{"rendered":"https:\/\/pop-co.fr\/index.php\/product\/demon-slayer-pop-n1410-yahaba\/"},"modified":"2025-07-29T11:16:58","modified_gmt":"2025-07-29T09:16:58","slug":"demon-slayer-pop-n1410-yahaba","status":"publish","type":"product","link":"https:\/\/pop-co.fr\/index.php\/product\/demon-slayer-pop-n1410-yahaba\/","title":{"rendered":"DEMON SLAYER &#8211; POP N\u00b01410 Yahaba"},"content":{"rendered":"<p>Seuls deux membres de la famille Kamado ont surv\u00e9cu \u00e0 une attaque de d\u00e9mons, et Tanjiro et Nezuko veulent maintenant se venger. \u00c9largissez votre collection Demon Slayer avec cette figurine Pop !<\/p>\n","protected":false},"excerpt":{"rendered":"<p>Seuls deux membres de la famille Kamado ont surv\u00e9cu \u00e0 une attaque de d\u00e9mons, et Tanjiro et Nezuko veulent maintenant se venger. \u00c9largissez votre collection Demon Slayer avec cette figurine Pop !<\/p>\n","protected":false},"featured_media":356215,"comment_status":"open","ping_status":"closed","template":"","meta":[],"product_cat":[17,24],"product_tag":[],"aioseo_notices":[],"jetpack_sharing_enabled":true,"_links":{"self":[{"href":"https:\/\/pop-co.fr\/index.php\/wp-json\/wp\/v2\/product\/3033"}],"collection":[{"href":"https:\/\/pop-co.fr\/index.php\/wp-json\/wp\/v2\/product"}],"about":[{"href":"https:\/\/pop-co.fr\/index.php\/wp-json\/wp\/v2\/types\/product"}],"replies":[{"embeddable":true,"href":"https:\/\/pop-co.fr\/index.php\/wp-json\/wp\/v2\/comments?post=3033"}],"version-history":[{"count":0,"href":"https:\/\/pop-co.fr\/index.php\/wp-json\/wp\/v2\/product\/3033\/revisions"}],"wp:featuredmedia":[{"embeddable":true,"href":"https:\/\/pop-co.fr\/index.php\/wp-json\/wp\/v2\/media\/356215"}],"wp:attachment":[{"href":"https:\/\/pop-co.fr\/index.php\/wp-json\/wp\/v2\/media?parent=3033"}],"wp:term":[{"taxonomy":"product_cat","embeddable":true,"href":"https:\/\/pop-co.fr\/index.php\/wp-json\/wp\/v2\/product_cat?post=3033"},{"taxonomy":"product_tag","embeddable":true,"href":"https:\/\/pop-co.fr\/index.php\/wp-json\/wp\/v2\/product_tag?post=3033"}],"curies":[{"name":"wp","href":"https:\/\/api.w.org\/{rel}","templated":true}]}}