{"id":303623,"date":"2025-02-06T12:15:18","date_gmt":"2025-02-06T11:15:18","guid":{"rendered":"https:\/\/pop-co.fr\/index.php\/product\/calendrier-perpetuel-retro-gaming-borne-darcade\/"},"modified":"2025-06-28T12:05:35","modified_gmt":"2025-06-28T10:05:35","slug":"calendrier-perpetuel-retro-gaming-borne-darcade","status":"publish","type":"product","link":"https:\/\/pop-co.fr\/index.php\/product\/calendrier-perpetuel-retro-gaming-borne-darcade\/","title":{"rendered":"CALENDRIER PERPETUEL &#8211; RETRO GAMING &#8211; Borne d\u2019arcade"},"content":{"rendered":"<p>Calendrier perp\u00e9tuel en 3D, r\u00e9alis\u00e9 en r\u00e9sine et peint \u00e0 la main.<\/p>\n<p>Il comprend 5 blocs avec des jours et des mois qui peuvent \u00eatre interchang\u00e9s et combin\u00e9s pour faire toutes les dates possibles.<\/p>\n<p>Les blocs sont phosphorescents et brillent dans l&rsquo;obscurit\u00e9.<\/p>\n","protected":false},"excerpt":{"rendered":"<p>Calendrier perp\u00e9tuel en 3D, r\u00e9alis\u00e9 en r\u00e9sine et peint \u00e0 la main. Il comprend 5 blocs avec des jours et des mois qui peuvent \u00eatre interchang\u00e9s et combin\u00e9s pour faire toutes les dates possibles. Les blocs sont phosphorescents et brillent dans l&rsquo;obscurit\u00e9.<\/p>\n","protected":false},"featured_media":306904,"comment_status":"open","ping_status":"closed","template":"","meta":[],"product_cat":[34],"product_tag":[],"aioseo_notices":[],"jetpack_sharing_enabled":true,"_links":{"self":[{"href":"https:\/\/pop-co.fr\/index.php\/wp-json\/wp\/v2\/product\/303623"}],"collection":[{"href":"https:\/\/pop-co.fr\/index.php\/wp-json\/wp\/v2\/product"}],"about":[{"href":"https:\/\/pop-co.fr\/index.php\/wp-json\/wp\/v2\/types\/product"}],"replies":[{"embeddable":true,"href":"https:\/\/pop-co.fr\/index.php\/wp-json\/wp\/v2\/comments?post=303623"}],"version-history":[{"count":0,"href":"https:\/\/pop-co.fr\/index.php\/wp-json\/wp\/v2\/product\/303623\/revisions"}],"wp:featuredmedia":[{"embeddable":true,"href":"https:\/\/pop-co.fr\/index.php\/wp-json\/wp\/v2\/media\/306904"}],"wp:attachment":[{"href":"https:\/\/pop-co.fr\/index.php\/wp-json\/wp\/v2\/media?parent=303623"}],"wp:term":[{"taxonomy":"product_cat","embeddable":true,"href":"https:\/\/pop-co.fr\/index.php\/wp-json\/wp\/v2\/product_cat?post=303623"},{"taxonomy":"product_tag","embeddable":true,"href":"https:\/\/pop-co.fr\/index.php\/wp-json\/wp\/v2\/product_tag?post=303623"}],"curies":[{"name":"wp","href":"https:\/\/api.w.org\/{rel}","templated":true}]}}