{"id":3038,"date":"2024-02-20T18:19:41","date_gmt":"2024-02-20T17:19:41","guid":{"rendered":"https:\/\/pop-co.fr\/index.php\/product\/demon-slayer-pop-n1409-susamaru\/"},"modified":"2025-07-29T11:16:55","modified_gmt":"2025-07-29T09:16:55","slug":"demon-slayer-pop-n1409-susamaru","status":"publish","type":"product","link":"https:\/\/pop-co.fr\/index.php\/product\/demon-slayer-pop-n1409-susamaru\/","title":{"rendered":"DEMON SLAYER &#8211; POP N\u00b01409 Susamaru"},"content":{"rendered":"<p>Seuls deux membres de la famille Kamado ont surv\u00e9cu \u00e0 une attaque de d\u00e9mons, et Tanjiro et Nezuko veulent maintenant se venger. \u00c9largissez votre collection de tueurs de d\u00e9mons avec cette Pop ! Susamaru.<\/p>\n<p>Probabilit\u00e9 d&rsquo;obtenir le mod\u00e8le CHASE = 1\/6<\/p>\n<p>CHASE garantie \u00e0 l&rsquo;achat de 6 Pop<\/p>\n","protected":false},"excerpt":{"rendered":"<p>Seuls deux membres de la famille Kamado ont surv\u00e9cu \u00e0 une attaque de d\u00e9mons, et Tanjiro et Nezuko veulent maintenant se venger. \u00c9largissez votre collection de tueurs de d\u00e9mons avec cette Pop ! Susamaru. Probabilit\u00e9 d&rsquo;obtenir le mod\u00e8le CHASE = 1\/6 CHASE garantie \u00e0 l&rsquo;achat de 6 Pop<\/p>\n","protected":false},"featured_media":356212,"comment_status":"open","ping_status":"closed","template":"","meta":[],"product_cat":[24,17],"product_tag":[],"aioseo_notices":[],"jetpack_sharing_enabled":true,"_links":{"self":[{"href":"https:\/\/pop-co.fr\/index.php\/wp-json\/wp\/v2\/product\/3038"}],"collection":[{"href":"https:\/\/pop-co.fr\/index.php\/wp-json\/wp\/v2\/product"}],"about":[{"href":"https:\/\/pop-co.fr\/index.php\/wp-json\/wp\/v2\/types\/product"}],"replies":[{"embeddable":true,"href":"https:\/\/pop-co.fr\/index.php\/wp-json\/wp\/v2\/comments?post=3038"}],"version-history":[{"count":0,"href":"https:\/\/pop-co.fr\/index.php\/wp-json\/wp\/v2\/product\/3038\/revisions"}],"wp:featuredmedia":[{"embeddable":true,"href":"https:\/\/pop-co.fr\/index.php\/wp-json\/wp\/v2\/media\/356212"}],"wp:attachment":[{"href":"https:\/\/pop-co.fr\/index.php\/wp-json\/wp\/v2\/media?parent=3038"}],"wp:term":[{"taxonomy":"product_cat","embeddable":true,"href":"https:\/\/pop-co.fr\/index.php\/wp-json\/wp\/v2\/product_cat?post=3038"},{"taxonomy":"product_tag","embeddable":true,"href":"https:\/\/pop-co.fr\/index.php\/wp-json\/wp\/v2\/product_tag?post=3038"}],"curies":[{"name":"wp","href":"https:\/\/api.w.org\/{rel}","templated":true}]}}