{"id":3040,"date":"2024-02-20T18:19:43","date_gmt":"2024-02-20T17:19:43","guid":{"rendered":"https:\/\/pop-co.fr\/index.php\/product\/demon-slayer-pop-n1406-shinazugawa-genya\/"},"modified":"2025-07-29T11:16:46","modified_gmt":"2025-07-29T09:16:46","slug":"demon-slayer-pop-n1406-shinazugawa-genya","status":"publish","type":"product","link":"https:\/\/pop-co.fr\/index.php\/product\/demon-slayer-pop-n1406-shinazugawa-genya\/","title":{"rendered":"DEMON SLAYER &#8211; POP N\u00b01406 Shinazugawa Genya"},"content":{"rendered":"<p>Seuls deux membres de la famille Kamado ont surv\u00e9cu \u00e0 une attaque de d\u00e9mons, et Tanjiro et Nezuko veulent maintenant se venger. \u00c9largissez votre collection de tueurs de d\u00e9mons avec cette figurine Pop ! Genya Shinazugawa.<\/p>\n","protected":false},"excerpt":{"rendered":"<p>Seuls deux membres de la famille Kamado ont surv\u00e9cu \u00e0 une attaque de d\u00e9mons, et Tanjiro et Nezuko veulent maintenant se venger. \u00c9largissez votre collection de tueurs de d\u00e9mons avec cette figurine Pop ! Genya Shinazugawa.<\/p>\n","protected":false},"featured_media":356210,"comment_status":"open","ping_status":"closed","template":"","meta":[],"product_cat":[17,24],"product_tag":[],"aioseo_notices":[],"jetpack_sharing_enabled":true,"_links":{"self":[{"href":"https:\/\/pop-co.fr\/index.php\/wp-json\/wp\/v2\/product\/3040"}],"collection":[{"href":"https:\/\/pop-co.fr\/index.php\/wp-json\/wp\/v2\/product"}],"about":[{"href":"https:\/\/pop-co.fr\/index.php\/wp-json\/wp\/v2\/types\/product"}],"replies":[{"embeddable":true,"href":"https:\/\/pop-co.fr\/index.php\/wp-json\/wp\/v2\/comments?post=3040"}],"version-history":[{"count":0,"href":"https:\/\/pop-co.fr\/index.php\/wp-json\/wp\/v2\/product\/3040\/revisions"}],"wp:featuredmedia":[{"embeddable":true,"href":"https:\/\/pop-co.fr\/index.php\/wp-json\/wp\/v2\/media\/356210"}],"wp:attachment":[{"href":"https:\/\/pop-co.fr\/index.php\/wp-json\/wp\/v2\/media?parent=3040"}],"wp:term":[{"taxonomy":"product_cat","embeddable":true,"href":"https:\/\/pop-co.fr\/index.php\/wp-json\/wp\/v2\/product_cat?post=3040"},{"taxonomy":"product_tag","embeddable":true,"href":"https:\/\/pop-co.fr\/index.php\/wp-json\/wp\/v2\/product_tag?post=3040"}],"curies":[{"name":"wp","href":"https:\/\/api.w.org\/{rel}","templated":true}]}}