{"id":3078,"date":"2024-02-20T18:20:25","date_gmt":"2024-02-20T17:20:25","guid":{"rendered":"https:\/\/pop-co.fr\/index.php\/product\/one-piece-marco-figurine-17cm\/"},"modified":"2025-06-28T13:27:18","modified_gmt":"2025-06-28T11:27:18","slug":"one-piece-marco-figurine-17cm","status":"publish","type":"product","link":"https:\/\/pop-co.fr\/index.php\/product\/one-piece-marco-figurine-17cm\/","title":{"rendered":"ONE PIECE &#8211; Marco &#8211; Figurine 17cm"},"content":{"rendered":"<p>Figurine DXF-The Grandline Men 17cm<br \/>\nComposition : PVC<\/p>\n<p>Marco, aussi appel\u00e9 Marco le Ph\u00e9nix, est un personnage du manga\/anim\u00e9 One Piece.<br \/>\nMarco est un membre d&rsquo;\u00e9quipage de Barbe Blanche.<br \/>\nOne Piece est un manga Shonen \u00e9crit par Eiichiro Oda depuis 1997.<\/p>\n","protected":false},"excerpt":{"rendered":"<p>Figurine DXF-The Grandline Men 17cm Composition : PVC Marco, aussi appel\u00e9 Marco le Ph\u00e9nix, est un personnage du manga\/anim\u00e9 One Piece. Marco est un membre d&rsquo;\u00e9quipage de Barbe Blanche. One Piece est un manga Shonen \u00e9crit par Eiichiro Oda depuis 1997.<\/p>\n","protected":false},"featured_media":311560,"comment_status":"open","ping_status":"closed","template":"","meta":[],"product_cat":[17,22],"product_tag":[],"aioseo_notices":[],"jetpack_sharing_enabled":true,"_links":{"self":[{"href":"https:\/\/pop-co.fr\/index.php\/wp-json\/wp\/v2\/product\/3078"}],"collection":[{"href":"https:\/\/pop-co.fr\/index.php\/wp-json\/wp\/v2\/product"}],"about":[{"href":"https:\/\/pop-co.fr\/index.php\/wp-json\/wp\/v2\/types\/product"}],"replies":[{"embeddable":true,"href":"https:\/\/pop-co.fr\/index.php\/wp-json\/wp\/v2\/comments?post=3078"}],"version-history":[{"count":0,"href":"https:\/\/pop-co.fr\/index.php\/wp-json\/wp\/v2\/product\/3078\/revisions"}],"wp:featuredmedia":[{"embeddable":true,"href":"https:\/\/pop-co.fr\/index.php\/wp-json\/wp\/v2\/media\/311560"}],"wp:attachment":[{"href":"https:\/\/pop-co.fr\/index.php\/wp-json\/wp\/v2\/media?parent=3078"}],"wp:term":[{"taxonomy":"product_cat","embeddable":true,"href":"https:\/\/pop-co.fr\/index.php\/wp-json\/wp\/v2\/product_cat?post=3078"},{"taxonomy":"product_tag","embeddable":true,"href":"https:\/\/pop-co.fr\/index.php\/wp-json\/wp\/v2\/product_tag?post=3078"}],"curies":[{"name":"wp","href":"https:\/\/api.w.org\/{rel}","templated":true}]}}