{"id":309549,"date":"2025-02-14T11:28:01","date_gmt":"2025-02-14T10:28:01","guid":{"rendered":"https:\/\/pop-co.fr\/index.php\/product\/sonny-angel-stickers-serie-2\/"},"modified":"2025-09-08T12:30:06","modified_gmt":"2025-09-08T10:30:06","slug":"sonny-angel-stickers-serie-2","status":"publish","type":"product","link":"https:\/\/pop-co.fr\/index.php\/product\/sonny-angel-stickers-serie-2\/","title":{"rendered":"SONNY ANGEL &#8211; Stickers s\u00e9rie 2"},"content":{"rendered":"<p>*ATTENTION PRODUIT AL\u00c9ATOIRE NE POUVANT \u00caTRE RETOURN\u00c9*<\/p>\n<p>Amusez-vous \u00e0 d\u00e9corer vos objets du quotidien avec les autocollants Sonny Angel Serie 2.<\/p>\n<p>Collez facilement vos autocollants Sonny Angel sur des objets de tous les jours comme les ordinateurs ou les t\u00e9l\u00e9phones, le compagnon id\u00e9al des Hippers.<\/p>\n<p>Les autocollants sont r\u00e9sistant \u00e0 l&rsquo;eau et peuvent \u00eatre utilis\u00e9s en toute s\u00e9curit\u00e9 sur les bouteilles d&rsquo;eau, les gobelets de boissons chaudes et les pochettes en vinyle.<\/p>\n<p>Il y a 4 th\u00e8mes + 1 Secret. Fruits, Flower, Vegetable, Sweets. <\/p>\n<p>Chaque paquet individuel contient 20 autocollants d\u00e9coup\u00e9s..<\/p>\n<p>Tout comme avec les figurines, le plaisir est de d\u00e9couvrir quel Sonny Angel vous allez d\u00e9couvrir<\/p>\n","protected":false},"excerpt":{"rendered":"<p>*ATTENTION PRODUIT AL\u00c9ATOIRE NE POUVANT \u00caTRE RETOURN\u00c9* Amusez-vous \u00e0 d\u00e9corer vos objets du quotidien avec les autocollants Sonny Angel Serie 2. Collez facilement vos autocollants Sonny Angel sur des objets de tous les jours comme les ordinateurs ou les t\u00e9l\u00e9phones, le compagnon id\u00e9al des Hippers. Les autocollants sont r\u00e9sistant \u00e0 l&rsquo;eau et peuvent \u00eatre utilis\u00e9s [&hellip;]<\/p>\n","protected":false},"featured_media":358281,"comment_status":"open","ping_status":"closed","template":"","meta":[],"product_cat":[39,67],"product_tag":[],"aioseo_notices":[],"jetpack_sharing_enabled":true,"_links":{"self":[{"href":"https:\/\/pop-co.fr\/index.php\/wp-json\/wp\/v2\/product\/309549"}],"collection":[{"href":"https:\/\/pop-co.fr\/index.php\/wp-json\/wp\/v2\/product"}],"about":[{"href":"https:\/\/pop-co.fr\/index.php\/wp-json\/wp\/v2\/types\/product"}],"replies":[{"embeddable":true,"href":"https:\/\/pop-co.fr\/index.php\/wp-json\/wp\/v2\/comments?post=309549"}],"version-history":[{"count":0,"href":"https:\/\/pop-co.fr\/index.php\/wp-json\/wp\/v2\/product\/309549\/revisions"}],"wp:featuredmedia":[{"embeddable":true,"href":"https:\/\/pop-co.fr\/index.php\/wp-json\/wp\/v2\/media\/358281"}],"wp:attachment":[{"href":"https:\/\/pop-co.fr\/index.php\/wp-json\/wp\/v2\/media?parent=309549"}],"wp:term":[{"taxonomy":"product_cat","embeddable":true,"href":"https:\/\/pop-co.fr\/index.php\/wp-json\/wp\/v2\/product_cat?post=309549"},{"taxonomy":"product_tag","embeddable":true,"href":"https:\/\/pop-co.fr\/index.php\/wp-json\/wp\/v2\/product_tag?post=309549"}],"curies":[{"name":"wp","href":"https:\/\/api.w.org\/{rel}","templated":true}]}}