{"id":309994,"date":"2025-02-14T11:58:06","date_gmt":"2025-02-14T10:58:06","guid":{"rendered":"https:\/\/pop-co.fr\/index.php\/product\/smiski-cheer-figurine-mystere-2\/"},"modified":"2025-08-04T14:23:18","modified_gmt":"2025-08-04T12:23:18","slug":"smiski-cheer-figurine-mystere-2","status":"publish","type":"product","link":"https:\/\/pop-co.fr\/index.php\/product\/smiski-cheer-figurine-mystere-2\/","title":{"rendered":"SMISKI &#8211; Cheer &#8211; Figurine myst\u00e8re"},"content":{"rendered":"<p>*ATTENTION PRODUIT AL\u00c9ATOIRE NE POUVANT \u00caTRE RETOURN\u00c9*<br \/>\nx1 Figurine PVC 7-10cm<\/p>\n<p>D\u00e9couvrez la s\u00e9rie Smiski Cheer ! <\/p>\n<p>Chaque bo\u00eete est surprise, vous pourrez ainsi d\u00e9couvrir le personnage qui s&rsquo;y cache \u00e0 l&rsquo;ouverture.<\/p>\n<p>Parmi ces six figurines, vous avez 1 chance sur 144 de trouver le myst\u00e9rieux \u00ab secret \u00bb.<\/p>\n<p>Nous faisons de notre mieux pour s\u00e9lectionner les figurines dans la m\u00eame bo\u00eete afin de limiter les doubles. Cependant, comme cette s\u00e9rie est vendue en bo\u00eete de 12 alors que la collection ne contient que 6 figurines, il est possible d\u2019en recevoir en double<\/p>\n","protected":false},"excerpt":{"rendered":"<p>*ATTENTION PRODUIT AL\u00c9ATOIRE NE POUVANT \u00caTRE RETOURN\u00c9* x1 Figurine PVC 7-10cm D\u00e9couvrez la s\u00e9rie Smiski Cheer ! Chaque bo\u00eete est surprise, vous pourrez ainsi d\u00e9couvrir le personnage qui s&rsquo;y cache \u00e0 l&rsquo;ouverture. Parmi ces six figurines, vous avez 1 chance sur 144 de trouver le myst\u00e9rieux \u00ab secret \u00bb. Nous faisons de notre mieux pour [&hellip;]<\/p>\n","protected":false},"featured_media":357031,"comment_status":"open","ping_status":"closed","template":"","meta":[],"product_cat":[39,67],"product_tag":[],"aioseo_notices":[],"jetpack_sharing_enabled":true,"_links":{"self":[{"href":"https:\/\/pop-co.fr\/index.php\/wp-json\/wp\/v2\/product\/309994"}],"collection":[{"href":"https:\/\/pop-co.fr\/index.php\/wp-json\/wp\/v2\/product"}],"about":[{"href":"https:\/\/pop-co.fr\/index.php\/wp-json\/wp\/v2\/types\/product"}],"replies":[{"embeddable":true,"href":"https:\/\/pop-co.fr\/index.php\/wp-json\/wp\/v2\/comments?post=309994"}],"version-history":[{"count":0,"href":"https:\/\/pop-co.fr\/index.php\/wp-json\/wp\/v2\/product\/309994\/revisions"}],"wp:featuredmedia":[{"embeddable":true,"href":"https:\/\/pop-co.fr\/index.php\/wp-json\/wp\/v2\/media\/357031"}],"wp:attachment":[{"href":"https:\/\/pop-co.fr\/index.php\/wp-json\/wp\/v2\/media?parent=309994"}],"wp:term":[{"taxonomy":"product_cat","embeddable":true,"href":"https:\/\/pop-co.fr\/index.php\/wp-json\/wp\/v2\/product_cat?post=309994"},{"taxonomy":"product_tag","embeddable":true,"href":"https:\/\/pop-co.fr\/index.php\/wp-json\/wp\/v2\/product_tag?post=309994"}],"curies":[{"name":"wp","href":"https:\/\/api.w.org\/{rel}","templated":true}]}}