{"id":3117,"date":"2024-02-20T18:21:06","date_gmt":"2024-02-20T17:21:06","guid":{"rendered":"https:\/\/pop-co.fr\/index.php\/product\/disney-simba-et-nala-figurine-13cm\/"},"modified":"2025-07-29T11:16:39","modified_gmt":"2025-07-29T09:16:39","slug":"disney-simba-et-nala-figurine-13cm","status":"publish","type":"product","link":"https:\/\/pop-co.fr\/index.php\/product\/disney-simba-et-nala-figurine-13cm\/","title":{"rendered":"DISNEY &#8211; Simba et Nala (Le roi lion) &#8211; Figurine 13cm"},"content":{"rendered":"<p>Savannah Sweethearts &#8211; &rsquo;13&#215;8.5&#215;16&prime;<\/p>\n<p>Pouvez-vous ressentir l&rsquo;amour dans cette adorable figurine de Simba et Nala du film classique de Disney Le Roi Lion? Ces deux lions d\u00e9cor\u00e9s de dessins roses folkloriques par l&rsquo;artiste Jim Shore sont une pi\u00e8ce essentielle et pr\u00e9cieuse de votre collection Disney Traditions. Simba et Nala, amis d&rsquo;enfance, sont tomb\u00e9s amoureux dans la jungle. Ressentez l&rsquo;amour de la savane tous les soirs avec cette figurine qui reprend cette sc\u00e8ne tendre.Cette figurine est peinte \u00e0 la main. Emball\u00e9e dans une bo\u00eete cadeau de la marque. Ces figurines ne sont pas des jouets pour enfants. Destin\u00e9 aux adultes uniquement.<\/p>\n<p>Superbe figurine issue de la collection Disney Traditions.<\/p>\n","protected":false},"excerpt":{"rendered":"<p>Savannah Sweethearts &#8211; &rsquo;13&#215;8.5&#215;16&prime; Pouvez-vous ressentir l&rsquo;amour dans cette adorable figurine de Simba et Nala du film classique de Disney Le Roi Lion? Ces deux lions d\u00e9cor\u00e9s de dessins roses folkloriques par l&rsquo;artiste Jim Shore sont une pi\u00e8ce essentielle et pr\u00e9cieuse de votre collection Disney Traditions. Simba et Nala, amis d&rsquo;enfance, sont tomb\u00e9s amoureux dans [&hellip;]<\/p>\n","protected":false},"featured_media":356207,"comment_status":"open","ping_status":"closed","template":"","meta":[],"product_cat":[29],"product_tag":[],"aioseo_notices":[],"jetpack_sharing_enabled":true,"_links":{"self":[{"href":"https:\/\/pop-co.fr\/index.php\/wp-json\/wp\/v2\/product\/3117"}],"collection":[{"href":"https:\/\/pop-co.fr\/index.php\/wp-json\/wp\/v2\/product"}],"about":[{"href":"https:\/\/pop-co.fr\/index.php\/wp-json\/wp\/v2\/types\/product"}],"replies":[{"embeddable":true,"href":"https:\/\/pop-co.fr\/index.php\/wp-json\/wp\/v2\/comments?post=3117"}],"version-history":[{"count":0,"href":"https:\/\/pop-co.fr\/index.php\/wp-json\/wp\/v2\/product\/3117\/revisions"}],"wp:featuredmedia":[{"embeddable":true,"href":"https:\/\/pop-co.fr\/index.php\/wp-json\/wp\/v2\/media\/356207"}],"wp:attachment":[{"href":"https:\/\/pop-co.fr\/index.php\/wp-json\/wp\/v2\/media?parent=3117"}],"wp:term":[{"taxonomy":"product_cat","embeddable":true,"href":"https:\/\/pop-co.fr\/index.php\/wp-json\/wp\/v2\/product_cat?post=3117"},{"taxonomy":"product_tag","embeddable":true,"href":"https:\/\/pop-co.fr\/index.php\/wp-json\/wp\/v2\/product_tag?post=3117"}],"curies":[{"name":"wp","href":"https:\/\/api.w.org\/{rel}","templated":true}]}}