{"id":313870,"date":"2025-03-01T18:04:11","date_gmt":"2025-03-01T17:04:11","guid":{"rendered":"https:\/\/pop-co.fr\/index.php\/product\/pins-mystere-jujutsu-kaisen-personnages\/"},"modified":"2025-06-28T11:51:07","modified_gmt":"2025-06-28T09:51:07","slug":"pins-mystere-jujutsu-kaisen-personnages","status":"publish","type":"product","link":"https:\/\/pop-co.fr\/index.php\/product\/pins-mystere-jujutsu-kaisen-personnages\/","title":{"rendered":"PIN&rsquo;S MYSTERE &#8211; JUJUTSU KAISEN &#8211; Personnages"},"content":{"rendered":"<p>*ATTENTION PRODUIT AL\u00c9ATOIRE NE POUVANT \u00caTRE RETOURN\u00c9*<\/p>\n<p>X1 Badge en m\u00e9tal \u00e9maill\u00e9 taille env. 4 cm, en emballage bo\u00eete-myst\u00e8re.<\/p>\n","protected":false},"excerpt":{"rendered":"<p>*ATTENTION PRODUIT AL\u00c9ATOIRE NE POUVANT \u00caTRE RETOURN\u00c9* X1 Badge en m\u00e9tal \u00e9maill\u00e9 taille env. 4 cm, en emballage bo\u00eete-myst\u00e8re.<\/p>\n","protected":false},"featured_media":339147,"comment_status":"open","ping_status":"closed","template":"","meta":[],"product_cat":[17,28],"product_tag":[],"aioseo_notices":[],"jetpack_sharing_enabled":true,"_links":{"self":[{"href":"https:\/\/pop-co.fr\/index.php\/wp-json\/wp\/v2\/product\/313870"}],"collection":[{"href":"https:\/\/pop-co.fr\/index.php\/wp-json\/wp\/v2\/product"}],"about":[{"href":"https:\/\/pop-co.fr\/index.php\/wp-json\/wp\/v2\/types\/product"}],"replies":[{"embeddable":true,"href":"https:\/\/pop-co.fr\/index.php\/wp-json\/wp\/v2\/comments?post=313870"}],"version-history":[{"count":0,"href":"https:\/\/pop-co.fr\/index.php\/wp-json\/wp\/v2\/product\/313870\/revisions"}],"wp:featuredmedia":[{"embeddable":true,"href":"https:\/\/pop-co.fr\/index.php\/wp-json\/wp\/v2\/media\/339147"}],"wp:attachment":[{"href":"https:\/\/pop-co.fr\/index.php\/wp-json\/wp\/v2\/media?parent=313870"}],"wp:term":[{"taxonomy":"product_cat","embeddable":true,"href":"https:\/\/pop-co.fr\/index.php\/wp-json\/wp\/v2\/product_cat?post=313870"},{"taxonomy":"product_tag","embeddable":true,"href":"https:\/\/pop-co.fr\/index.php\/wp-json\/wp\/v2\/product_tag?post=313870"}],"curies":[{"name":"wp","href":"https:\/\/api.w.org\/{rel}","templated":true}]}}