{"id":317377,"date":"2025-03-06T11:49:19","date_gmt":"2025-03-06T10:49:19","guid":{"rendered":"https:\/\/pop-co.fr\/index.php\/product\/boite-ceramique-disney-alice-au-pays-des-merveilles-2\/"},"modified":"2025-09-16T11:16:48","modified_gmt":"2025-09-16T09:16:48","slug":"boite-ceramique-disney-alice-au-pays-des-merveilles-2","status":"publish","type":"product","link":"https:\/\/pop-co.fr\/index.php\/product\/boite-ceramique-disney-alice-au-pays-des-merveilles-2\/","title":{"rendered":"BO\u00ceTE CERAMIQUE &#8211; DISNEY &#8211; Alice au pays des merveilles"},"content":{"rendered":"<p>Une bo\u00eete \u00e0 babioles Disney Alice au pays des merveilles, un produit sous licence officielle con\u00e7u sur mesure pour les superfans. <\/p>\n<p>Fabriqu\u00e9 en c\u00e9ramique avec une finition \u00e9maill\u00e9e dans les couleurs bleu clair et beige. Ce produit rend hommage \u00e0 l&rsquo;un des personnages principaux de ce conte fantastique, \u00e0 savoir La Reine de c\u0153ur.<\/p>\n","protected":false},"excerpt":{"rendered":"<p>Une bo\u00eete \u00e0 babioles Disney Alice au pays des merveilles, un produit sous licence officielle con\u00e7u sur mesure pour les superfans. Fabriqu\u00e9 en c\u00e9ramique avec une finition \u00e9maill\u00e9e dans les couleurs bleu clair et beige. Ce produit rend hommage \u00e0 l&rsquo;un des personnages principaux de ce conte fantastique, \u00e0 savoir La Reine de c\u0153ur.<\/p>\n","protected":false},"featured_media":358641,"comment_status":"open","ping_status":"closed","template":"","meta":[],"product_cat":[29],"product_tag":[],"aioseo_notices":[],"jetpack_sharing_enabled":true,"_links":{"self":[{"href":"https:\/\/pop-co.fr\/index.php\/wp-json\/wp\/v2\/product\/317377"}],"collection":[{"href":"https:\/\/pop-co.fr\/index.php\/wp-json\/wp\/v2\/product"}],"about":[{"href":"https:\/\/pop-co.fr\/index.php\/wp-json\/wp\/v2\/types\/product"}],"replies":[{"embeddable":true,"href":"https:\/\/pop-co.fr\/index.php\/wp-json\/wp\/v2\/comments?post=317377"}],"version-history":[{"count":0,"href":"https:\/\/pop-co.fr\/index.php\/wp-json\/wp\/v2\/product\/317377\/revisions"}],"wp:featuredmedia":[{"embeddable":true,"href":"https:\/\/pop-co.fr\/index.php\/wp-json\/wp\/v2\/media\/358641"}],"wp:attachment":[{"href":"https:\/\/pop-co.fr\/index.php\/wp-json\/wp\/v2\/media?parent=317377"}],"wp:term":[{"taxonomy":"product_cat","embeddable":true,"href":"https:\/\/pop-co.fr\/index.php\/wp-json\/wp\/v2\/product_cat?post=317377"},{"taxonomy":"product_tag","embeddable":true,"href":"https:\/\/pop-co.fr\/index.php\/wp-json\/wp\/v2\/product_tag?post=317377"}],"curies":[{"name":"wp","href":"https:\/\/api.w.org\/{rel}","templated":true}]}}