{"id":317554,"date":"2025-03-06T11:51:38","date_gmt":"2025-03-06T10:51:38","guid":{"rendered":"https:\/\/pop-co.fr\/index.php\/product\/boite-a-bijoux-disney-pampan-bambi\/"},"modified":"2025-03-11T14:53:40","modified_gmt":"2025-03-11T13:53:40","slug":"boite-a-bijoux-disney-pampan-bambi","status":"publish","type":"product","link":"https:\/\/pop-co.fr\/index.php\/product\/boite-a-bijoux-disney-pampan-bambi\/","title":{"rendered":"BOITE A BIJOUX &#8211; DISNEY &#8211; Pampan (Bambi)"},"content":{"rendered":"<p>Une bo\u00eete \u00e0 bijoux Thumper Forest Friends de la marque DISNEY\u00ae.<\/p>\n<p>Cette jolie bo\u00eete \u00e0 bijoux est orn\u00e9e de la magnifique magie Disney.<\/p>\n<p>La bo\u00eete \u00e0 bijoux en c\u00e9ramique pr\u00e9sente une finition blanche brillante, agr\u00e9ment\u00e9e de fleurs imprim\u00e9es color\u00e9es et d&rsquo;une illustration Pampan de style croquis au crayon. La bo\u00eete est compl\u00e9t\u00e9e par un couvercle ajust\u00e9 assorti avec des d\u00e9tails aux bords argent\u00e9s.<\/p>\n<p>La bo\u00eete \u00e0 bijoux est emball\u00e9e dans un coffret cadeau.<\/p>\n","protected":false},"excerpt":{"rendered":"<p>Une bo\u00eete \u00e0 bijoux Thumper Forest Friends de la marque DISNEY\u00ae. Cette jolie bo\u00eete \u00e0 bijoux est orn\u00e9e de la magnifique magie Disney. La bo\u00eete \u00e0 bijoux en c\u00e9ramique pr\u00e9sente une finition blanche brillante, agr\u00e9ment\u00e9e de fleurs imprim\u00e9es color\u00e9es et d&rsquo;une illustration Pampan de style croquis au crayon. La bo\u00eete est compl\u00e9t\u00e9e par un couvercle [&hellip;]<\/p>\n","protected":false},"featured_media":318051,"comment_status":"open","ping_status":"closed","template":"","meta":[],"product_cat":[29],"product_tag":[],"aioseo_notices":[],"jetpack_sharing_enabled":true,"_links":{"self":[{"href":"https:\/\/pop-co.fr\/index.php\/wp-json\/wp\/v2\/product\/317554"}],"collection":[{"href":"https:\/\/pop-co.fr\/index.php\/wp-json\/wp\/v2\/product"}],"about":[{"href":"https:\/\/pop-co.fr\/index.php\/wp-json\/wp\/v2\/types\/product"}],"replies":[{"embeddable":true,"href":"https:\/\/pop-co.fr\/index.php\/wp-json\/wp\/v2\/comments?post=317554"}],"version-history":[{"count":0,"href":"https:\/\/pop-co.fr\/index.php\/wp-json\/wp\/v2\/product\/317554\/revisions"}],"wp:featuredmedia":[{"embeddable":true,"href":"https:\/\/pop-co.fr\/index.php\/wp-json\/wp\/v2\/media\/318051"}],"wp:attachment":[{"href":"https:\/\/pop-co.fr\/index.php\/wp-json\/wp\/v2\/media?parent=317554"}],"wp:term":[{"taxonomy":"product_cat","embeddable":true,"href":"https:\/\/pop-co.fr\/index.php\/wp-json\/wp\/v2\/product_cat?post=317554"},{"taxonomy":"product_tag","embeddable":true,"href":"https:\/\/pop-co.fr\/index.php\/wp-json\/wp\/v2\/product_tag?post=317554"}],"curies":[{"name":"wp","href":"https:\/\/api.w.org\/{rel}","templated":true}]}}