{"id":3177,"date":"2024-02-20T18:22:55","date_gmt":"2024-02-20T17:22:55","guid":{"rendered":"https:\/\/pop-co.fr\/index.php\/product\/porte-cles-junji-ito-tomie\/"},"modified":"2025-06-28T13:28:58","modified_gmt":"2025-06-28T11:28:58","slug":"porte-cles-junji-ito-tomie","status":"publish","type":"product","link":"https:\/\/pop-co.fr\/index.php\/product\/porte-cles-junji-ito-tomie\/","title":{"rendered":"PORTE CLES &#8211; JUNJI ITO &#8211; Tomie"},"content":{"rendered":"<p>Tomie est bien plus dangereuse qu&rsquo;elle en a l&rsquo;air sur cet Acryl\u00ae Junji Ito Collection par ABYstyle. rnrn- 2 pi\u00e8ces \u00e0 assembler soi-m\u00eame : cadre et socle rn- Hauteur du personnage : environ 11 cm rn- Impression haute qualit\u00e9 sur acrylique rn- Pi\u00e8ces \u00e0 d\u00e9crocher du support imprim\u00e9 rn- Produit 100% officiel rn- Packaging brochable pour faciliter la mise en rayon et la bonne visibilit\u00e9 du produit<\/p>\n","protected":false},"excerpt":{"rendered":"<p>Tomie est bien plus dangereuse qu&rsquo;elle en a l&rsquo;air sur cet Acryl\u00ae Junji Ito Collection par ABYstyle. rnrn- 2 pi\u00e8ces \u00e0 assembler soi-m\u00eame : cadre et socle rn- Hauteur du personnage : environ 11 cm rn- Impression haute qualit\u00e9 sur acrylique rn- Pi\u00e8ces \u00e0 d\u00e9crocher du support imprim\u00e9 rn- Produit 100% officiel rn- Packaging brochable [&hellip;]<\/p>\n","protected":false},"featured_media":180211,"comment_status":"open","ping_status":"closed","template":"","meta":[],"product_cat":[18,17],"product_tag":[],"aioseo_notices":[],"jetpack_sharing_enabled":true,"_links":{"self":[{"href":"https:\/\/pop-co.fr\/index.php\/wp-json\/wp\/v2\/product\/3177"}],"collection":[{"href":"https:\/\/pop-co.fr\/index.php\/wp-json\/wp\/v2\/product"}],"about":[{"href":"https:\/\/pop-co.fr\/index.php\/wp-json\/wp\/v2\/types\/product"}],"replies":[{"embeddable":true,"href":"https:\/\/pop-co.fr\/index.php\/wp-json\/wp\/v2\/comments?post=3177"}],"version-history":[{"count":0,"href":"https:\/\/pop-co.fr\/index.php\/wp-json\/wp\/v2\/product\/3177\/revisions"}],"wp:featuredmedia":[{"embeddable":true,"href":"https:\/\/pop-co.fr\/index.php\/wp-json\/wp\/v2\/media\/180211"}],"wp:attachment":[{"href":"https:\/\/pop-co.fr\/index.php\/wp-json\/wp\/v2\/media?parent=3177"}],"wp:term":[{"taxonomy":"product_cat","embeddable":true,"href":"https:\/\/pop-co.fr\/index.php\/wp-json\/wp\/v2\/product_cat?post=3177"},{"taxonomy":"product_tag","embeddable":true,"href":"https:\/\/pop-co.fr\/index.php\/wp-json\/wp\/v2\/product_tag?post=3177"}],"curies":[{"name":"wp","href":"https:\/\/api.w.org\/{rel}","templated":true}]}}