{"id":317829,"date":"2025-03-06T11:57:30","date_gmt":"2025-03-06T10:57:30","guid":{"rendered":"https:\/\/pop-co.fr\/index.php\/product\/tirelire-disney-winnie-lourson-2\/"},"modified":"2025-03-11T14:51:19","modified_gmt":"2025-03-11T13:51:19","slug":"tirelire-disney-winnie-lourson-2","status":"publish","type":"product","link":"https:\/\/pop-co.fr\/index.php\/product\/tirelire-disney-winnie-lourson-2\/","title":{"rendered":"TIRELIRE &#8211; DISNEY &#8211; Winnie l&rsquo;ourson"},"content":{"rendered":"<p>Offrez aux fans de Disney la douceur de faire des \u00e9conomies gr\u00e2ce \u00e0 notre tirelire Disney Winnie. <\/p>\n<p>Fabriqu\u00e9e \u00e0 partir de r\u00e9sine durable, cette tirelire reproduit l&rsquo;image r\u00e9confortante de Winnie l&rsquo;ourson assis, se l\u00e9chant les l\u00e8vres avec sa main gauche au fond d&rsquo;un pot de miel. Le souci du d\u00e9tail est m\u00e9ticuleux, mettant en valeur la nature adorable de ce personnage ador\u00e9.<\/p>\n<p>Un achat id\u00e9al pour ceux qui tiennent une place sp\u00e9ciale dans leur c\u0153ur \u00e0 Winnie l&rsquo;ourson et \u00e0 ses amis.<\/p>\n<p>Emballage en bo\u00eete ferm\u00e9e.<\/p>\n","protected":false},"excerpt":{"rendered":"<p>Offrez aux fans de Disney la douceur de faire des \u00e9conomies gr\u00e2ce \u00e0 notre tirelire Disney Winnie. Fabriqu\u00e9e \u00e0 partir de r\u00e9sine durable, cette tirelire reproduit l&rsquo;image r\u00e9confortante de Winnie l&rsquo;ourson assis, se l\u00e9chant les l\u00e8vres avec sa main gauche au fond d&rsquo;un pot de miel. Le souci du d\u00e9tail est m\u00e9ticuleux, mettant en valeur [&hellip;]<\/p>\n","protected":false},"featured_media":317672,"comment_status":"open","ping_status":"closed","template":"","meta":[],"product_cat":[29],"product_tag":[],"aioseo_notices":[],"jetpack_sharing_enabled":true,"_links":{"self":[{"href":"https:\/\/pop-co.fr\/index.php\/wp-json\/wp\/v2\/product\/317829"}],"collection":[{"href":"https:\/\/pop-co.fr\/index.php\/wp-json\/wp\/v2\/product"}],"about":[{"href":"https:\/\/pop-co.fr\/index.php\/wp-json\/wp\/v2\/types\/product"}],"replies":[{"embeddable":true,"href":"https:\/\/pop-co.fr\/index.php\/wp-json\/wp\/v2\/comments?post=317829"}],"version-history":[{"count":0,"href":"https:\/\/pop-co.fr\/index.php\/wp-json\/wp\/v2\/product\/317829\/revisions"}],"wp:featuredmedia":[{"embeddable":true,"href":"https:\/\/pop-co.fr\/index.php\/wp-json\/wp\/v2\/media\/317672"}],"wp:attachment":[{"href":"https:\/\/pop-co.fr\/index.php\/wp-json\/wp\/v2\/media?parent=317829"}],"wp:term":[{"taxonomy":"product_cat","embeddable":true,"href":"https:\/\/pop-co.fr\/index.php\/wp-json\/wp\/v2\/product_cat?post=317829"},{"taxonomy":"product_tag","embeddable":true,"href":"https:\/\/pop-co.fr\/index.php\/wp-json\/wp\/v2\/product_tag?post=317829"}],"curies":[{"name":"wp","href":"https:\/\/api.w.org\/{rel}","templated":true}]}}