{"id":317850,"date":"2025-03-06T11:57:47","date_gmt":"2025-03-06T10:57:47","guid":{"rendered":"https:\/\/pop-co.fr\/index.php\/product\/tirelire-disney-ariel-la-petite-sirene-2\/"},"modified":"2025-06-28T11:50:03","modified_gmt":"2025-06-28T09:50:03","slug":"tirelire-disney-ariel-la-petite-sirene-2","status":"publish","type":"product","link":"https:\/\/pop-co.fr\/index.php\/product\/tirelire-disney-ariel-la-petite-sirene-2\/","title":{"rendered":"TIRELIRE &#8211; DISNEY &#8211; Ariel (la petite sir\u00e8ne)"},"content":{"rendered":"<p>Faites d\u00e9couvrir aux fans de Disney cette tirelire Disney Ariel, un produit sous licence officielle. <\/p>\n<p>La palette de couleurs verte et violette caract\u00e9ristique d&rsquo;Ariel est magnifiquement repr\u00e9sent\u00e9e dans son haut de bikini en forme de queue et de coquillage, fid\u00e8le au charme sous-marin du personnage. L&rsquo;attention port\u00e9e aux d\u00e9tails garantit que chaque nuance du caract\u00e8re d&rsquo;Ariel est fid\u00e8lement repr\u00e9sent\u00e9e dans cette charmante tirelire.<\/p>\n<p>Un achat incontournable pour les fans d&rsquo;Ariel ou ceux qui appr\u00e9cient simplement le talent artistique de Disney. <\/p>\n<p>Emballage en bo\u00eete ferm\u00e9e.<\/p>\n","protected":false},"excerpt":{"rendered":"<p>Faites d\u00e9couvrir aux fans de Disney cette tirelire Disney Ariel, un produit sous licence officielle. La palette de couleurs verte et violette caract\u00e9ristique d&rsquo;Ariel est magnifiquement repr\u00e9sent\u00e9e dans son haut de bikini en forme de queue et de coquillage, fid\u00e8le au charme sous-marin du personnage. L&rsquo;attention port\u00e9e aux d\u00e9tails garantit que chaque nuance du caract\u00e8re [&hellip;]<\/p>\n","protected":false},"featured_media":318156,"comment_status":"open","ping_status":"closed","template":"","meta":[],"product_cat":[29],"product_tag":[],"aioseo_notices":[],"jetpack_sharing_enabled":true,"_links":{"self":[{"href":"https:\/\/pop-co.fr\/index.php\/wp-json\/wp\/v2\/product\/317850"}],"collection":[{"href":"https:\/\/pop-co.fr\/index.php\/wp-json\/wp\/v2\/product"}],"about":[{"href":"https:\/\/pop-co.fr\/index.php\/wp-json\/wp\/v2\/types\/product"}],"replies":[{"embeddable":true,"href":"https:\/\/pop-co.fr\/index.php\/wp-json\/wp\/v2\/comments?post=317850"}],"version-history":[{"count":0,"href":"https:\/\/pop-co.fr\/index.php\/wp-json\/wp\/v2\/product\/317850\/revisions"}],"wp:featuredmedia":[{"embeddable":true,"href":"https:\/\/pop-co.fr\/index.php\/wp-json\/wp\/v2\/media\/318156"}],"wp:attachment":[{"href":"https:\/\/pop-co.fr\/index.php\/wp-json\/wp\/v2\/media?parent=317850"}],"wp:term":[{"taxonomy":"product_cat","embeddable":true,"href":"https:\/\/pop-co.fr\/index.php\/wp-json\/wp\/v2\/product_cat?post=317850"},{"taxonomy":"product_tag","embeddable":true,"href":"https:\/\/pop-co.fr\/index.php\/wp-json\/wp\/v2\/product_tag?post=317850"}],"curies":[{"name":"wp","href":"https:\/\/api.w.org\/{rel}","templated":true}]}}