{"id":318027,"date":"2025-03-06T12:00:22","date_gmt":"2025-03-06T11:00:22","guid":{"rendered":"https:\/\/pop-co.fr\/index.php\/product\/tirelire-disney-mickey-mouse-et-minnie-mouse-2\/"},"modified":"2025-06-28T11:49:58","modified_gmt":"2025-06-28T09:49:58","slug":"tirelire-disney-mickey-mouse-et-minnie-mouse-2","status":"publish","type":"product","link":"https:\/\/pop-co.fr\/index.php\/product\/tirelire-disney-mickey-mouse-et-minnie-mouse-2\/","title":{"rendered":"TIRELIRE &#8211; DISNEY &#8211; Mickey Mouse et Minnie Mouse"},"content":{"rendered":"<p>Faites d\u00e9couvrir aux fans de Disney cette charmante tirelire Disney Minnie &amp; Mickey, un produit sous licence officielle. <\/p>\n<p>La tirelire met en sc\u00e8ne ce duo embl\u00e9matique assis sur un socle blanc. Ils se tournent le dos alors qu&rsquo;ils se tiennent la main. Le design incarne le romantisme et l&rsquo;amiti\u00e9 intemporels que ces personnages ador\u00e9s incarnent dans l&rsquo;univers Disney.<\/p>\n<p>Non seulement un article fonctionnel, c&rsquo;est une pi\u00e8ce r\u00e9confortante de la magie Disney qui ajoute une touche de nostalgie et de fantaisie \u00e0 n&rsquo;importe quel espace. <\/p>\n<p>Emballage en bo\u00eete ferm\u00e9e.<\/p>\n","protected":false},"excerpt":{"rendered":"<p>Faites d\u00e9couvrir aux fans de Disney cette charmante tirelire Disney Minnie &amp; Mickey, un produit sous licence officielle. La tirelire met en sc\u00e8ne ce duo embl\u00e9matique assis sur un socle blanc. Ils se tournent le dos alors qu&rsquo;ils se tiennent la main. Le design incarne le romantisme et l&rsquo;amiti\u00e9 intemporels que ces personnages ador\u00e9s incarnent [&hellip;]<\/p>\n","protected":false},"featured_media":318189,"comment_status":"open","ping_status":"closed","template":"","meta":[],"product_cat":[29],"product_tag":[],"aioseo_notices":[],"jetpack_sharing_enabled":true,"_links":{"self":[{"href":"https:\/\/pop-co.fr\/index.php\/wp-json\/wp\/v2\/product\/318027"}],"collection":[{"href":"https:\/\/pop-co.fr\/index.php\/wp-json\/wp\/v2\/product"}],"about":[{"href":"https:\/\/pop-co.fr\/index.php\/wp-json\/wp\/v2\/types\/product"}],"replies":[{"embeddable":true,"href":"https:\/\/pop-co.fr\/index.php\/wp-json\/wp\/v2\/comments?post=318027"}],"version-history":[{"count":0,"href":"https:\/\/pop-co.fr\/index.php\/wp-json\/wp\/v2\/product\/318027\/revisions"}],"wp:featuredmedia":[{"embeddable":true,"href":"https:\/\/pop-co.fr\/index.php\/wp-json\/wp\/v2\/media\/318189"}],"wp:attachment":[{"href":"https:\/\/pop-co.fr\/index.php\/wp-json\/wp\/v2\/media?parent=318027"}],"wp:term":[{"taxonomy":"product_cat","embeddable":true,"href":"https:\/\/pop-co.fr\/index.php\/wp-json\/wp\/v2\/product_cat?post=318027"},{"taxonomy":"product_tag","embeddable":true,"href":"https:\/\/pop-co.fr\/index.php\/wp-json\/wp\/v2\/product_tag?post=318027"}],"curies":[{"name":"wp","href":"https:\/\/api.w.org\/{rel}","templated":true}]}}